{"id":1189,"date":"2018-05-07T11:50:15","date_gmt":"2018-05-07T08:50:15","guid":{"rendered":"http:\/\/emboryo.bpthemes.net\/?page_id=1189"},"modified":"2022-09-11T23:57:38","modified_gmt":"2022-09-11T20:57:38","slug":"bpo","status":"publish","type":"page","link":"https:\/\/procatint.com\/de\/?page_id=1189","title":{"rendered":"BPO"},"content":{"rendered":"[vc_row css=&#8221;.vc_custom_1525264435845{margin-top: -40px !important;}&#8221;][vc_column][rev_slider_vc alias=&#8221;coworking&#8221;][\/vc_column][\/vc_row][vc_row][vc_column][bpt_spacing height=&#8221;100px&#8221;][\/vc_column][\/vc_row][vc_row][vc_column offset=&#8221;vc_col-lg-offset-1 vc_col-lg-10&#8243;][bpt_custom_text text_color=&#8221;#474747&#8243; font_size=&#8221;36&#8243;]\n<h2 style=\"text-align: center;\">Experienced team. High Technology.<\/h2>\n<h2 style=\"text-align: center;\">The greatest combination.<\/h2>\n[\/bpt_custom_text][bpt_spacing height=&#8221;32px&#8221;][bpt_custom_text text_color=&#8221;#474747&#8243; font_size=&#8221;23&#8243; line_height=&#8221;170&#8243;]\n<p style=\"text-align: center;\">We help companies deliver world class customer services.<\/p>\n[\/bpt_custom_text][bpt_spacing height=&#8221;38px&#8221;][bpt_spacing height=&#8221;2px&#8221;][vc_single_image image=&#8221;3440&#8243; img_size=&#8221;full&#8221; alignment=&#8221;center&#8221; css_animation=&#8221;fadeInUp&#8221;][bpt_spacing height=&#8221;80px&#8221;][vc_separator color=&#8221;black&#8221; style=&#8221;shadow&#8221; css_animation=&#8221;fadeInUp&#8221;][bpt_spacing height=&#8221;120px&#8221;][\/vc_column][\/vc_row][vc_column][\/vc_column][vc_row][vc_column offset=&#8221;vc_col-md-6&#8243;][bpt_image_layers interval=&#8221;500&#8243; values=&#8221;%5B%7B%22thumbnail%22%3A%223444%22%2C%22image_animation%22%3A%22slide_right%22%2C%22image_order%22%3A%221%22%7D%2C%7B%22thumbnail%22%3A%223445%22%2C%22image_animation%22%3A%22slide_up%22%2C%22image_order%22%3A%221%22%7D%2C%7B%22thumbnail%22%3A%223447%22%2C%22image_animation%22%3A%22fade_in%22%2C%22image_order%22%3A%221%22%7D%2C%7B%22thumbnail%22%3A%223446%22%2C%22image_animation%22%3A%22fade_in%22%2C%22image_order%22%3A%221%22%7D%5D&#8221;][\/vc_column][vc_column offset=&#8221;vc_col-md-6&#8243;][bpt_spacing height=&#8221;44px&#8221;][vc_row_inner][vc_column_inner offset=&#8221;vc_col-lg-offset-1 vc_col-lg-11&#8243;][bpt_custom_text css_animation=&#8221;none&#8221; text_color=&#8221;#4f4f4f&#8221; font_size=&#8221;36&#8243; line_height=&#8221;130&#8243;]\n<h2>Perfekte Kombination; Erfahrenes Team, f\u00fchrende Technologien.<\/h2>\n[\/bpt_custom_text][bpt_spacing height=&#8221;24px&#8221;][bpt_spacing height=&#8221;22px&#8221;][vc_column_text css_animation=&#8221;none&#8221;]\n<ul>\n<li>Einrichtung Omnichannel Contact Center<\/li>\n<li>Sales and Collection Operationen und Beratung<\/li>\n<li>Robotic Process-Automatisierung<\/li>\n<li>Qualit\u00e4ts- und Leistungsmanagement<\/li>\n<li>Digitale L\u00f6sungen<\/li>\n<li>Speech-Technologien<\/li>\n<\/ul>\n[\/vc_column_text][bpt_spacing height=&#8221;22px&#8221;][\/vc_column_inner][\/vc_row_inner][\/vc_column][\/vc_row][vc_row][vc_column][bpt_spacing height=&#8221;100px&#8221;][\/vc_column][\/vc_row][vc_row full_width=&#8221;stretch_row&#8221; parallax=&#8221;content-moving&#8221; parallax_image=&#8221;2833&#8243;][vc_column][bpt_spacing height=&#8221;65px&#8221;][bpt_custom_text css_animation=&#8221;none&#8221; text_color=&#8221;#ffffff&#8221; font_size=&#8221;36&#8243;]\n<h3>Wie bieten wir es?<\/h3>\n[\/bpt_custom_text][bpt_spacing height=&#8221;16px&#8221;][bpt_custom_text css_animation=&#8221;none&#8221; text_color=&#8221;#ffffff&#8221; font_size=&#8221;25&#8243; line_height=&#8221;170&#8243;]\n<blockquote>\n<p>Der beste Gesch\u00e4ftsplan f\u00fcr uns ist Qualit\u00e4t. Qualit\u00e4t sollte messbar sein und wir messen sie mit zwei einfachen Fragen: Sind unsere Mitarbeiter zufrieden? Sind unsere Kunden zufrieden?<\/p>\n<\/blockquote>\n[\/bpt_custom_text][bpt_spacing height=&#8221;46px&#8221;][vc_row_inner][vc_column_inner width=&#8221;1\/2&#8243; offset=&#8221;vc_col-md-3&#8243;][bpt_info_box ib_layout=&#8221;left&#8221; css_animation=&#8221;bounceIn&#8221; icon_type=&#8221;font&#8221; icon_font_type=&#8221;type_flaticon&#8221; icon_flaticon=&#8221;flaticon-placeholder-filled-point&#8221; icon_color=&#8221;#ffd13d&#8221; icon_color_hover=&#8221;#ffffff&#8221; title_color=&#8221;#ffffff&#8221; content_size=&#8221;14&#8243; content_color=&#8221;#cdcdcd&#8221; ib_title=&#8221;17 verschiedene L\u00e4nder&#8221; ib_content=&#8221;Wir exportieren Service f\u00fcr ein exzellentes Kundenerlebnis.&#8221; custom_icon_color=&#8221;true&#8221; custom_icon_bg_width=&#8221;40&#8243; custom_icon_bg_height=&#8221;40&#8243; custom_title_color=&#8221;true&#8221; custom_content_color=&#8221;true&#8221; custom_icon_size=&#8221;60&#8243;][\/vc_column_inner][vc_column_inner width=&#8221;1\/2&#8243; offset=&#8221;vc_col-md-3&#8243;][bpt_info_box ib_layout=&#8221;left&#8221; css_animation=&#8221;bounceIn&#8221; icon_type=&#8221;font&#8221; icon_font_type=&#8221;type_fontawesome&#8221; icon_fontawesome=&#8221;fa fa-spinner&#8221; icon_color=&#8221;#ffd13d&#8221; icon_color_hover=&#8221;#ffffff&#8221; title_color=&#8221;#ffffff&#8221; content_size=&#8221;14&#8243; content_color=&#8221;#cdcdcd&#8221; ib_title=&#8221;+10 Branchen&#8221; ib_content=&#8221;Wir haben Erfahrung in mehr als 10 verschiedenen Branchen.&#8221; custom_icon_color=&#8221;true&#8221; custom_icon_bg_width=&#8221;40&#8243; custom_icon_bg_height=&#8221;40&#8243; custom_title_color=&#8221;true&#8221; custom_content_color=&#8221;true&#8221; custom_icon_size=&#8221;60&#8243;][\/vc_column_inner][vc_column_inner width=&#8221;1\/2&#8243; offset=&#8221;vc_col-md-3&#8243;][bpt_info_box ib_layout=&#8221;left&#8221; css_animation=&#8221;bounceIn&#8221; icon_type=&#8221;font&#8221; icon_font_type=&#8221;type_fontawesome&#8221; icon_fontawesome=&#8221;fa fa-star&#8221; icon_color=&#8221;#ffd13d&#8221; icon_color_hover=&#8221;#ffffff&#8221; title_color=&#8221;#ffffff&#8221; content_size=&#8221;14&#8243; content_color=&#8221;#cdcdcd&#8221; ib_title=&#8221;Erfahrenes Team&#8221; ib_content=&#8221;Unser Team verf\u00fcgt \u00fcber 25 Jahre Branchenerfahrung.&#8221; custom_icon_color=&#8221;true&#8221; custom_icon_bg_width=&#8221;40&#8243; custom_icon_bg_height=&#8221;40&#8243; custom_title_color=&#8221;true&#8221; custom_content_color=&#8221;true&#8221; custom_icon_size=&#8221;60&#8243;][\/vc_column_inner][vc_column_inner width=&#8221;1\/2&#8243; offset=&#8221;vc_col-md-3&#8243;][bpt_info_box ib_layout=&#8221;left&#8221; css_animation=&#8221;bounceIn&#8221; icon_type=&#8221;font&#8221; icon_font_type=&#8221;type_fontawesome&#8221; icon_fontawesome=&#8221;fa fa-power-off&#8221; icon_color=&#8221;#ffd13d&#8221; icon_color_hover=&#8221;#ffffff&#8221; title_color=&#8221;#ffffff&#8221; content_size=&#8221;14&#8243; content_color=&#8221;#cdcdcd&#8221; ib_title=&#8221;F\u00fchrende Technologien&#8221; ib_content=&#8221;Neueste Technologien, f\u00fchrend in ihrem Gebiet.&#8221; custom_icon_color=&#8221;true&#8221; custom_icon_bg_width=&#8221;40&#8243; custom_icon_bg_height=&#8221;40&#8243; custom_title_color=&#8221;true&#8221; custom_content_color=&#8221;true&#8221; custom_icon_size=&#8221;60&#8243;][\/vc_column_inner][\/vc_row_inner][vc_row_inner][vc_column_inner width=&#8221;1\/2&#8243; offset=&#8221;vc_col-md-3&#8243;][bpt_info_box ib_layout=&#8221;left&#8221; css_animation=&#8221;bounceIn&#8221; icon_type=&#8221;font&#8221; icon_font_type=&#8221;type_fontawesome&#8221; icon_fontawesome=&#8221;fa fa-commenting&#8221; icon_color=&#8221;#ffd13d&#8221; icon_color_hover=&#8221;#ffffff&#8221; title_color=&#8221;#ffffff&#8221; content_size=&#8221;14&#8243; content_color=&#8221;#cdcdcd&#8221; ib_title=&#8221;Mehrsprachiger Service&#8221; ib_content=&#8221;Englisch, Deutsch, T\u00fcrkisch, Griechisch und vieles mehr&#8230;&#8221; custom_icon_color=&#8221;true&#8221; custom_icon_bg_width=&#8221;40&#8243; custom_icon_bg_height=&#8221;40&#8243; custom_title_color=&#8221;true&#8221; custom_content_color=&#8221;true&#8221; custom_icon_size=&#8221;60&#8243;][\/vc_column_inner][vc_column_inner width=&#8221;1\/2&#8243; offset=&#8221;vc_col-md-3&#8243;][bpt_info_box ib_layout=&#8221;left&#8221; css_animation=&#8221;bounceIn&#8221; icon_type=&#8221;font&#8221; icon_font_type=&#8221;type_fontawesome&#8221; icon_fontawesome=&#8221;fa fa-users&#8221; icon_color=&#8221;#ffd13d&#8221; icon_color_hover=&#8221;#ffffff&#8221; title_color=&#8221;#ffffff&#8221; content_size=&#8221;14&#8243; content_color=&#8221;#cdcdcd&#8221; ib_title=&#8221;Birkman-Methode&#8221; ib_content=&#8221;Wir setzen die Birkman-Methode ein, um die richtigen Personen den richtigen Rollen zuzuweisen.&#8221; custom_icon_color=&#8221;true&#8221; custom_icon_bg_width=&#8221;40&#8243; custom_icon_bg_height=&#8221;40&#8243; custom_title_color=&#8221;true&#8221; custom_content_color=&#8221;true&#8221; custom_icon_size=&#8221;60&#8243;][\/vc_column_inner][vc_column_inner width=&#8221;1\/2&#8243; offset=&#8221;vc_col-md-3&#8243;][bpt_info_box ib_layout=&#8221;left&#8221; css_animation=&#8221;bounceIn&#8221; icon_type=&#8221;font&#8221; icon_font_type=&#8221;type_fontawesome&#8221; icon_fontawesome=&#8221;fa fa-tachometer&#8221; icon_color=&#8221;#ffd13d&#8221; icon_color_hover=&#8221;#ffffff&#8221; title_color=&#8221;#ffffff&#8221; content_size=&#8221;14&#8243; content_color=&#8221;#cdcdcd&#8221; ib_title=&#8221;Qualit\u00e4tsbewertung&#8221; ib_content=&#8221;Corporate Performance Management-Plattform f\u00fcr ein faireres Teammanagement.&#8221; custom_icon_color=&#8221;true&#8221; custom_icon_bg_width=&#8221;40&#8243; custom_icon_bg_height=&#8221;40&#8243; custom_title_color=&#8221;true&#8221; custom_content_color=&#8221;true&#8221; custom_icon_size=&#8221;60&#8243;][\/vc_column_inner][vc_column_inner width=&#8221;1\/2&#8243; offset=&#8221;vc_col-md-3&#8243;][bpt_info_box ib_layout=&#8221;left&#8221; css_animation=&#8221;bounceIn&#8221; icon_type=&#8221;font&#8221; icon_font_type=&#8221;type_fontawesome&#8221; icon_fontawesome=&#8221;fa fa-building&#8221; icon_color=&#8221;#ffd13d&#8221; icon_color_hover=&#8221;#ffffff&#8221; title_color=&#8221;#ffffff&#8221; content_size=&#8221;14&#8243; content_color=&#8221;#cdcdcd&#8221; ib_title=&#8221;Facility Management&#8221; ib_content=&#8221;Wir kombinieren Facility Management mit unserer Technologie.&#8221; custom_icon_color=&#8221;true&#8221; custom_icon_bg_width=&#8221;40&#8243; custom_icon_bg_height=&#8221;40&#8243; custom_title_color=&#8221;true&#8221; custom_content_color=&#8221;true&#8221; custom_icon_size=&#8221;60&#8243;][\/vc_column_inner][\/vc_row_inner][bpt_spacing height=&#8221;62px&#8221;][\/vc_column][\/vc_row][vc_row][vc_column][bpt_spacing height=&#8221;52px&#8221;][bpt_custom_text css_animation=&#8221;none&#8221; text_color=&#8221;#4f4f4f&#8221; font_size=&#8221;36&#8243;]\n<h3 style=\"text-align: center;\">End-to-End-Betriebsmanagement<\/h3>\n[\/bpt_custom_text][bpt_spacing height=&#8221;52px&#8221;][\/vc_column][\/vc_row][vc_row][vc_column width=&#8221;1\/4&#8243;][bpt_info_box ib_type=&#8221;full_size&#8221; ib_align=&#8221;center&#8221; icon_type=&#8221;image&#8221; thumbnail=&#8221;2289&#8243; title_size=&#8221;28&#8243; title_color=&#8221;#565653&#8243; subtitle_tag=&#8221;h4&#8243; ib_title=&#8221;Customer Service Operation&#8221; custom_icon_bg_width=&#8221;90&#8243; custom_icon_bg_height=&#8221;90&#8243; custom_icon_bot_offset=&#8221;15&#8243; custom_title_color=&#8221;true&#8221; custom_image_width=&#8221;100&#8243; custom_image_height=&#8221;100&#8243;][bpt_spacing height=&#8221;40px&#8221;][\/vc_column][vc_column width=&#8221;1\/4&#8243;][bpt_info_box ib_type=&#8221;full_size&#8221; ib_align=&#8221;center&#8221; icon_type=&#8221;image&#8221; thumbnail=&#8221;2291&#8243; title_size=&#8221;28&#8243; title_color=&#8221;#565653&#8243; subtitle_tag=&#8221;h4&#8243; ib_title=&#8221;Sales Activity Operation&#8221; custom_icon_bg_width=&#8221;90&#8243; custom_icon_bg_height=&#8221;90&#8243; custom_icon_bot_offset=&#8221;15&#8243; custom_title_color=&#8221;true&#8221; custom_image_width=&#8221;100&#8243; custom_image_height=&#8221;100&#8243;][bpt_spacing height=&#8221;40px&#8221;][\/vc_column][vc_column width=&#8221;1\/4&#8243;][bpt_info_box ib_type=&#8221;full_size&#8221; ib_align=&#8221;center&#8221; icon_type=&#8221;image&#8221; thumbnail=&#8221;2288&#8243; title_size=&#8221;28&#8243; title_color=&#8221;#565653&#8243; subtitle_tag=&#8221;h4&#8243; ib_title=&#8221;Collection Operation&#8221; custom_icon_bg_width=&#8221;90&#8243; custom_icon_bg_height=&#8221;90&#8243; custom_icon_bot_offset=&#8221;15&#8243; custom_title_color=&#8221;true&#8221; custom_image_width=&#8221;100&#8243; custom_image_height=&#8221;100&#8243;][bpt_spacing height=&#8221;40px&#8221;][\/vc_column][vc_column width=&#8221;1\/4&#8243;][bpt_info_box ib_type=&#8221;full_size&#8221; ib_align=&#8221;center&#8221; icon_type=&#8221;image&#8221; thumbnail=&#8221;2290&#8243; title_size=&#8221;28&#8243; title_color=&#8221;#565653&#8243; subtitle_tag=&#8221;h4&#8243; ib_title=&#8221;Datenaktualisie-<br \/>\nrung und -anreicherung&#8221; custom_icon_bg_width=&#8221;90&#8243; custom_icon_bg_height=&#8221;90&#8243; custom_icon_bot_offset=&#8221;15&#8243; custom_title_color=&#8221;true&#8221; custom_image_width=&#8221;100&#8243; custom_image_height=&#8221;100&#8243;][\/vc_column][\/vc_row][vc_row][vc_column][bpt_spacing height=&#8221;52px&#8221;][bpt_custom_text text_color=&#8221;#474747&#8243; font_size=&#8221;36&#8243;]\n<h3 style=\"text-align: center;\">Standorte<\/h3>\n[\/bpt_custom_text][bpt_spacing height=&#8221;52px&#8221;][vc_gallery type=&#8221;nivo&#8221; interval=&#8221;0&#8243; images=&#8221;3320,3321,3449,3450,3451,3452,3453,3454,3455&#8243; img_size=&#8221;full&#8221; onclick=&#8221;&#8221;][bpt_spacing height=&#8221;52px&#8221;][vc_separator style=&#8221;shadow&#8221;][bpt_spacing height=&#8221;52px&#8221;][\/vc_column][\/vc_row][vc_row][vc_column offset=&#8221;vc_col-lg-offset-1 vc_col-lg-10&#8243;][bpt_spacing height=&#8221;52px&#8221;][bpt_custom_text css_animation=&#8221;none&#8221; text_color=&#8221;#4f4f4f&#8221; font_size=&#8221;36&#8243;]\n<h3 style=\"text-align: center;\">Zufriedene Mitarbeiter<\/h3>\n[\/bpt_custom_text][bpt_spacing height=&#8221;16px&#8221;][bpt_custom_text css_animation=&#8221;none&#8221; text_color=&#8221;#4d4d4d&#8221; font_size=&#8221;18&#8243; line_height=&#8221;170&#8243;]\n<p style=\"text-align: center;\">Wir wissen sehr gut, dass zufriedene Mitarbeiter im Mittelpunkt erfolgreicher Projekte stehen. Aus diesem Grund bieten wir Arbeitsumgebungen an, die leicht zu erreichen sind und in denen sich unsere Mitarbeiter wohl f\u00fchlen. Wir m\u00f6chten ihnen statt Rentabilit\u00e4t eine zielorientierte Vision bieten. Wir glauben an die Wichtigkeit der Zusammenarbeit.<\/p>\n[\/bpt_custom_text][bpt_spacing height=&#8221;42px&#8221;][\/vc_column][\/vc_row]\n","protected":false},"excerpt":{"rendered":"<p>[vc_row css=&#8221;.vc_custom_1525264435845{margin-top: -40px !important;}&#8221;][vc_column][rev_slider_vc alias=&#8221;coworking&#8221;][\/vc_column][\/vc_row][vc_row][vc_column][bpt_spacing height=&#8221;100px&#8221;][\/vc_column][\/vc_row][vc_row][vc_column offset=&#8221;vc_col-lg-offset-1 vc_col-lg-10&#8243;][bpt_custom_text text_color=&#8221;#474747&#8243; font_size=&#8221;36&#8243;] Experienced team. High Technology. The greatest combination. [\/bpt_custom_text][bpt_spacing height=&#8221;32px&#8221;][bpt_custom_text text_color=&#8221;#474747&#8243; font_size=&#8221;23&#8243; line_height=&#8221;170&#8243;] We help companies deliver world class customer services. [\/bpt_custom_text][bpt_spacing height=&#8221;38px&#8221;][bpt_spacing height=&#8221;2px&#8221;][vc_single_image image=&#8221;3440&#8243; img_size=&#8221;full&#8221; alignment=&#8221;center&#8221; css_animation=&#8221;fadeInUp&#8221;][bpt_spacing height=&#8221;80px&#8221;][vc_separator color=&#8221;black&#8221; style=&#8221;shadow&#8221; css_animation=&#8221;fadeInUp&#8221;][bpt_spacing height=&#8221;120px&#8221;][\/vc_column][\/vc_row][vc_column][\/vc_column][vc_row][vc_column offset=&#8221;vc_col-md-6&#8243;][bpt_image_layers interval=&#8221;500&#8243; values=&#8221;%5B%7B%22thumbnail%22%3A%223444%22%2C%22image_animation%22%3A%22slide_right%22%2C%22image_order%22%3A%221%22%7D%2C%7B%22thumbnail%22%3A%223445%22%2C%22image_animation%22%3A%22slide_up%22%2C%22image_order%22%3A%221%22%7D%2C%7B%22thumbnail%22%3A%223447%22%2C%22image_animation%22%3A%22fade_in%22%2C%22image_order%22%3A%221%22%7D%2C%7B%22thumbnail%22%3A%223446%22%2C%22image_animation%22%3A%22fade_in%22%2C%22image_order%22%3A%221%22%7D%5D&#8221;][\/vc_column][vc_column offset=&#8221;vc_col-md-6&#8243;][bpt_spacing height=&#8221;44px&#8221;][vc_row_inner][vc_column_inner offset=&#8221;vc_col-lg-offset-1 vc_col-lg-11&#8243;][bpt_custom_text css_animation=&#8221;none&#8221; text_color=&#8221;#4f4f4f&#8221; font_size=&#8221;36&#8243; line_height=&#8221;130&#8243;] Perfekte Kombination; [&hellip;]<\/p>\n","protected":false},"author":1,"featured_media":0,"parent":0,"menu_order":0,"comment_status":"closed","ping_status":"closed","template":"","meta":{"footnotes":""},"class_list":["post-1189","page","type-page","status-publish","hentry"],"aioseo_notices":[],"_links":{"self":[{"href":"https:\/\/procatint.com\/de\/index.php?rest_route=\/wp\/v2\/pages\/1189","targetHints":{"allow":["GET"]}}],"collection":[{"href":"https:\/\/procatint.com\/de\/index.php?rest_route=\/wp\/v2\/pages"}],"about":[{"href":"https:\/\/procatint.com\/de\/index.php?rest_route=\/wp\/v2\/types\/page"}],"author":[{"embeddable":true,"href":"https:\/\/procatint.com\/de\/index.php?rest_route=\/wp\/v2\/users\/1"}],"replies":[{"embeddable":true,"href":"https:\/\/procatint.com\/de\/index.php?rest_route=%2Fwp%2Fv2%2Fcomments&post=1189"}],"version-history":[{"count":47,"href":"https:\/\/procatint.com\/de\/index.php?rest_route=\/wp\/v2\/pages\/1189\/revisions"}],"predecessor-version":[{"id":3457,"href":"https:\/\/procatint.com\/de\/index.php?rest_route=\/wp\/v2\/pages\/1189\/revisions\/3457"}],"wp:attachment":[{"href":"https:\/\/procatint.com\/de\/index.php?rest_route=%2Fwp%2Fv2%2Fmedia&parent=1189"}],"curies":[{"name":"wp","href":"https:\/\/api.w.org\/{rel}","templated":true}]}}