{"id":2103,"date":"2018-08-10T10:29:07","date_gmt":"2018-08-10T07:29:07","guid":{"rendered":"http:\/\/procatint.com\/?page_id=2103"},"modified":"2025-01-31T10:25:57","modified_gmt":"2025-01-31T07:25:57","slug":"home","status":"publish","type":"page","link":"https:\/\/procatint.com\/de\/","title":{"rendered":"Home"},"content":{"rendered":"[vc_row css=&#8221;.vc_custom_1525264435845{margin-top: -40px !important;}&#8221;][vc_column][rev_slider_vc alias=&#8221;global-slider&#8221;][\/vc_column][\/vc_row][vc_row full_width=&#8221;stretch_row_content&#8221; css=&#8221;.vc_custom_1533887658959{background-color: #f8f8f8 !important;}&#8221;][vc_column css=&#8221;.vc_custom_1525179766235{padding-top: 0px !important;}&#8221;][bpt_custom_text css_animation=&#8221;none&#8221; text_color=&#8221;#282828&#8243; font_size=&#8221;36&#8243;]<a name=\"about\"><\/a>[\/bpt_custom_text][bpt_clients item_grid=&#8221;6&#8243; item_anim=&#8221;invert&#8221; css_animation=&#8221;fadeInDown&#8221; values=&#8221;%5B%7B%22thumbnail%22%3A%223425%22%7D%2C%7B%22thumbnail%22%3A%223426%22%7D%2C%7B%22thumbnail%22%3A%223427%22%7D%2C%7B%22thumbnail%22%3A%223428%22%7D%2C%7B%22thumbnail%22%3A%223433%22%7D%2C%7B%22thumbnail%22%3A%223430%22%7D%5D&#8221;][\/vc_column][\/vc_row][vc_row][vc_column][bpt_spacing height=&#8221;32px&#8221;][vc_row_inner][vc_column_inner offset=&#8221;vc_col-lg-offset-2 vc_col-lg-8&#8243;][bpt_custom_text css_animation=&#8221;none&#8221; text_color=&#8221;#282828&#8243; font_size=&#8221;36&#8243;]\n<h2 style=\"text-align: center;\"><span>Erfahrenes Team, f\u00fchrende Technologien.<\/span><\/h2>\n<h2 style=\"text-align: center;\"><span>Die perfekte Kombination. <\/span><\/h2>\n[\/bpt_custom_text][bpt_spacing height=&#8221;32px&#8221;][bpt_custom_text css_animation=&#8221;none&#8221; text_color=&#8221;#4d4d4d&#8221; font_size=&#8221;23&#8243; line_height=&#8221;170&#8243;]\n<p style=\"text-align: center;\"><span>Wir helfen Unternehmen, Kundenservice auf Weltklasseniveau zu liefern. \u00a0<\/span><\/p>\n[\/bpt_custom_text][bpt_spacing height=&#8221;40px&#8221;][\/vc_column_inner][\/vc_row_inner][vc_single_image image=&#8221;3469&#8243; img_size=&#8221;full&#8221; alignment=&#8221;center&#8221;][\/vc_column][\/vc_row][vc_row el_id=&#8221;#services&#8221;][vc_column][bpt_spacing height=&#8221;48px&#8221;][vc_separator color=&#8221;mulled_wine&#8221; style=&#8221;shadow&#8221; css_animation=&#8221;fadeInUp&#8221;][bpt_spacing height=&#8221;100px&#8221;][bpt_custom_text text_color=&#8221;#474747&#8243; font_size=&#8221;30&#8243;]\n<h2 style=\"text-align: center;\"><span>Unsere Fachgebiete<\/span><\/h2>\n[\/bpt_custom_text][bpt_spacing height=&#8221;30px&#8221;][vc_row_inner][vc_column_inner width=&#8221;1\/3&#8243;][bpt_info_box ib_type=&#8221;fill&#8221; ib_align=&#8221;center&#8221; css_animation=&#8221;none&#8221; read_more_text=&#8221;MEHR ERFAHREN&#8221; read_more_offset=&#8221;18&#8243; icon_type=&#8221;image&#8221; thumbnail=&#8221;2611&#8243; bg_color_type=&#8221;color&#8221; background_color=&#8221;&#8221; background_color_hover=&#8221;&#8221; title_size=&#8221;24&#8243; title_color=&#8221;#565656&#8243; content_size=&#8221;18&#8243; button_size=&#8221;15&#8243; button_color=&#8221;#dd9933&#8243; button_color_hover=&#8221;#4f4f4f&#8221; ib_title=&#8221;Digital&#8221; ib_content=&#8221;Aktivieren Sie neue digitale Kan\u00e4le f\u00fcr Ihr Unternehmen, optimieren Sie den Kundenservice und sorgen Sie f\u00fcr ein proaktives Kundenerlebnis.&#8221; add_read_more=&#8221;true&#8221; add_read_more_offset=&#8221;true&#8221; custom_icon_bg_width=&#8221;150&#8243; custom_icon_bg_height=&#8221;150&#8243; custom_icon_bot_offset=&#8221;20&#8243; custom_title_color=&#8221;true&#8221; custom_button_color=&#8221;true&#8221; link=&#8221;url:https%3A%2F%2Fprocatint.com%2Fde%2Fdigital%2F|||&#8221;][bpt_spacing height=&#8221;30px&#8221;][\/vc_column_inner][vc_column_inner width=&#8221;1\/3&#8243;][bpt_info_box ib_type=&#8221;fill&#8221; ib_align=&#8221;center&#8221; css_animation=&#8221;none&#8221; read_more_text=&#8221;MEHR ERFAHREN&#8221; read_more_offset=&#8221;18&#8243; icon_type=&#8221;image&#8221; thumbnail=&#8221;2612&#8243; bg_color_type=&#8221;color&#8221; background_color=&#8221;&#8221; background_color_hover=&#8221;&#8221; title_size=&#8221;24&#8243; title_color=&#8221;#565656&#8243; content_size=&#8221;18&#8243; button_size=&#8221;15&#8243; button_color=&#8221;#dd9933&#8243; button_color_hover=&#8221;#4f4f4f&#8221; ib_title=&#8221;Speech&#8221; ib_content=&#8221;Wir konzipieren und implementieren fortschrittliche Sprachtechnologien, um die Kundenerfahrung zu optimieren und Kostenvorteile zu realisieren.&#8221; add_read_more=&#8221;true&#8221; add_read_more_offset=&#8221;true&#8221; custom_icon_bg_width=&#8221;150&#8243; custom_icon_bg_height=&#8221;150&#8243; custom_icon_bot_offset=&#8221;20&#8243; custom_title_color=&#8221;true&#8221; custom_button_color=&#8221;true&#8221; link=&#8221;url:https%3A%2F%2Fprocatint.com%2Fde%2Fspeech%2F|||&#8221;][bpt_spacing height=&#8221;30px&#8221;][\/vc_column_inner][vc_column_inner width=&#8221;1\/3&#8243;][bpt_info_box ib_type=&#8221;fill&#8221; ib_align=&#8221;center&#8221; css_animation=&#8221;none&#8221; read_more_text=&#8221;MEHR ERFAHREN&#8221; read_more_offset=&#8221;18&#8243; icon_type=&#8221;image&#8221; thumbnail=&#8221;2613&#8243; bg_color_type=&#8221;color&#8221; background_color=&#8221;&#8221; background_color_hover=&#8221;&#8221; title_size=&#8221;24&#8243; title_color=&#8221;#565656&#8243; content_size=&#8221;18&#8243; button_size=&#8221;15&#8243; button_color=&#8221;#dd9933&#8243; button_color_hover=&#8221;#4f4f4f&#8221; ib_title=&#8221;Analytics&#8221; ib_content=&#8221;Messen Sie durch Analyse der Kundeninteraktionen die Leistung Ihres Kundenvertreters und interpretieren Sie die Trends und Erwartungen Ihrer Kunden.&#8221; add_read_more=&#8221;true&#8221; add_read_more_offset=&#8221;true&#8221; custom_icon_bg_width=&#8221;150&#8243; custom_icon_bg_height=&#8221;150&#8243; custom_icon_bot_offset=&#8221;20&#8243; custom_title_color=&#8221;true&#8221; custom_button_color=&#8221;true&#8221; link=&#8221;url:https%3A%2F%2Fprocatint.com%2Fde%2Fanalytix%2F|||&#8221;][bpt_spacing height=&#8221;30px&#8221;][\/vc_column_inner][\/vc_row_inner][vc_row_inner][vc_column_inner width=&#8221;1\/3&#8243;][bpt_info_box ib_type=&#8221;fill&#8221; ib_align=&#8221;center&#8221; css_animation=&#8221;none&#8221; read_more_text=&#8221;MEHR ERFAHREN&#8221; read_more_offset=&#8221;18&#8243; icon_type=&#8221;image&#8221; thumbnail=&#8221;2764&#8243; bg_color_type=&#8221;color&#8221; background_color=&#8221;&#8221; background_color_hover=&#8221;&#8221; title_size=&#8221;24&#8243; title_color=&#8221;#565656&#8243; content_size=&#8221;18&#8243; button_size=&#8221;15&#8243; button_color=&#8221;#dd9933&#8243; button_color_hover=&#8221;#4f4f4f&#8221; ib_title=&#8221;CX-Plattform&#8221; ib_content=&#8221;Wir sind hier, um das beste Kundenerlebnis zu kreieren. Speech Analytics, Text Analytics, CSAT und vieles mehr&#8230;&#8221; add_read_more=&#8221;true&#8221; add_read_more_offset=&#8221;true&#8221; custom_icon_bg_width=&#8221;150&#8243; custom_icon_bg_height=&#8221;150&#8243; custom_icon_bot_offset=&#8221;20&#8243; custom_title_color=&#8221;true&#8221; custom_button_color=&#8221;true&#8221; link=&#8221;url:https%3A%2F%2Fprocatint.com%2Fde%2Fcustomer-experience%2F|||&#8221;][bpt_spacing height=&#8221;30px&#8221;][\/vc_column_inner][vc_column_inner width=&#8221;1\/3&#8243;][bpt_info_box ib_type=&#8221;fill&#8221; ib_align=&#8221;center&#8221; css_animation=&#8221;none&#8221; read_more_text=&#8221;MEHR ERFAHREN&#8221; read_more_offset=&#8221;18&#8243; icon_type=&#8221;image&#8221; thumbnail=&#8221;3275&#8243; bg_color_type=&#8221;color&#8221; background_color=&#8221;&#8221; background_color_hover=&#8221;&#8221; title_size=&#8221;24&#8243; title_color=&#8221;#565656&#8243; content_size=&#8221;18&#8243; button_size=&#8221;15&#8243; button_color=&#8221;#dd9933&#8243; button_color_hover=&#8221;#4f4f4f&#8221; ib_title=&#8221;Beratung&#8221; ib_content=&#8221;Mit \u00fcber 30 Jahren Call-Center-Erfahrung bieten wir Beratungsleistungen in vielen Bereichen, wie Aufbau und Sicherheit Ihres Contact Centers, sowie auch zu Themen wie User Experience Design.&#8221; add_read_more=&#8221;true&#8221; add_read_more_offset=&#8221;true&#8221; custom_icon_bg_width=&#8221;150&#8243; custom_icon_bg_height=&#8221;150&#8243; custom_icon_bot_offset=&#8221;20&#8243; custom_title_color=&#8221;true&#8221; custom_button_color=&#8221;true&#8221; link=&#8221;url:https%3A%2F%2Fprocatint.com%2Fconsultancy%2F|||&#8221;][bpt_spacing height=&#8221;30px&#8221;][\/vc_column_inner][vc_column_inner width=&#8221;1\/3&#8243;][bpt_info_box ib_type=&#8221;fill&#8221; ib_align=&#8221;center&#8221; css_animation=&#8221;none&#8221; read_more_text=&#8221;MEHR ERFAHREN&#8221; read_more_offset=&#8221;18&#8243; icon_type=&#8221;image&#8221; thumbnail=&#8221;2610&#8243; bg_color_type=&#8221;color&#8221; background_color=&#8221;&#8221; background_color_hover=&#8221;&#8221; title_size=&#8221;24&#8243; title_color=&#8221;#565656&#8243; content_size=&#8221;18&#8243; button_size=&#8221;15&#8243; button_color=&#8221;#dd9933&#8243; button_color_hover=&#8221;#4f4f4f&#8221; ib_title=&#8221;CPM-Plattform&#8221; ib_content=&#8221;Corporate Performance Management-Plattform: Qua Services erm\u00f6glicht Unternehmen die Leistung ihrer Mitarbeiter und Qualit\u00e4t ihrer Prozesse in Echtzeit zu \u00fcberwachen.&#8221; add_read_more=&#8221;true&#8221; add_read_more_offset=&#8221;true&#8221; custom_icon_bg_width=&#8221;150&#8243; custom_icon_bg_height=&#8221;150&#8243; custom_icon_bot_offset=&#8221;20&#8243; custom_title_color=&#8221;true&#8221; custom_button_color=&#8221;true&#8221; link=&#8221;url:https%3A%2F%2Fprocatint.com%2Fde%2Fcpm%2F|||&#8221;][bpt_spacing height=&#8221;30px&#8221;][\/vc_column_inner][\/vc_row_inner][vc_row_inner][vc_column_inner width=&#8221;1\/3&#8243;][bpt_spacing height=&#8221;30px&#8221;][\/vc_column_inner][vc_column_inner width=&#8221;1\/3&#8243;][bpt_info_box ib_type=&#8221;fill&#8221; ib_align=&#8221;center&#8221; css_animation=&#8221;none&#8221; read_more_text=&#8221;MEHR ERFAHREN&#8221; read_more_offset=&#8221;18&#8243; icon_type=&#8221;image&#8221; thumbnail=&#8221;2763&#8243; bg_color_type=&#8221;color&#8221; background_color=&#8221;&#8221; background_color_hover=&#8221;&#8221; title_size=&#8221;24&#8243; title_color=&#8221;#565656&#8243; content_size=&#8221;18&#8243; button_size=&#8221;15&#8243; button_color=&#8221;#dd9933&#8243; button_color_hover=&#8221;#4f4f4f&#8221; ib_title=&#8221;BPO&#8221; ib_content=&#8221;Business Process Outsourcing mit einem sehr erfahrenen Team. Wir bieten die aktuellsten Versionen der besten Technologien auf dem Gebiet.&#8221; add_read_more=&#8221;true&#8221; add_read_more_offset=&#8221;true&#8221; custom_icon_bg_width=&#8221;150&#8243; custom_icon_bg_height=&#8221;150&#8243; custom_icon_bot_offset=&#8221;20&#8243; custom_title_color=&#8221;true&#8221; link=&#8221;url:https%3A%2F%2Fprocatint.com%2Fde%2Fbpo%2F|||&#8221; custom_button_color=&#8221;true&#8221;][bpt_spacing height=&#8221;30px&#8221;][\/vc_column_inner][vc_column_inner width=&#8221;1\/3&#8243;][bpt_spacing height=&#8221;30px&#8221;][\/vc_column_inner][\/vc_row_inner][\/vc_column][\/vc_row][vc_row][vc_column][bpt_spacing height=&#8221;30px&#8221;][bpt_spacing height=&#8221;30px&#8221;][vc_separator color=&#8221;mulled_wine&#8221; style=&#8221;shadow&#8221;][bpt_spacing height=&#8221;30px&#8221;][bpt_spacing height=&#8221;30px&#8221;][\/vc_column][\/vc_row][vc_row full_width=&#8221;stretch_row_content_no_spaces&#8221; equal_height=&#8221;yes&#8221; content_placement=&#8221;middle&#8221; css=&#8221;.vc_custom_1525772767330{background-color: #323232 !important;}&#8221;][vc_column offset=&#8221;vc_col-lg-6&#8243;][vc_row_inner][vc_column_inner offset=&#8221;vc_col-lg-offset-3 vc_col-lg-8&#8243; css=&#8221;.vc_custom_1525779139655{padding-right: 5% !important;padding-left: 9% !important;}&#8221;][bpt_custom_text css_animation=&#8221;none&#8221; text_color=&#8221;#dddddd&#8221; font_size=&#8221;36&#8243;]\n<blockquote>\n<h3><span>Wir helfen Unternehmen, Kundenservice auf Weltklasseniveau zu bieten. <\/span><\/h3>\n<\/blockquote>\n[\/bpt_custom_text][bpt_custom_text css_animation=&#8221;none&#8221; text_color=&#8221;#e0e0e0&#8243; font_size=&#8221;18&#8243; line_height=&#8221;170&#8243;]Der erste und wichtigste Faktor eines Projektes besteht f\u00fcr uns darin, die Bed\u00fcrfnisse unserer Kunden zu verstehen und zu analysieren. Wir bieten ma\u00dfgeschneiderte L\u00f6sungen f\u00fcr die Bed\u00fcrfnisse unserer Kunden und sind stets bem\u00fcht, ein wertvoller, strategischer und zuverl\u00e4ssiger Partner zu sein.[\/bpt_custom_text][bpt_spacing height=&#8221;30px&#8221;][bpt_custom_text css_animation=&#8221;none&#8221; text_color=&#8221;#e0e0e0&#8243; font_size=&#8221;18&#8243; line_height=&#8221;170&#8243;]<span>Unsere Werte; VERTRAUEN , QUALIT\u00c4T und ZUSAMMENARBEIT&#8230;<\/span>[\/bpt_custom_text][bpt_spacing height=&#8221;18px&#8221;][bpt_spacing height=&#8221;40px&#8221;][bpt_custom_text css_animation=&#8221;none&#8221; text_color=&#8221;#474747&#8243; font_size=&#8221;14&#8243; line_height=&#8221;190&#8243;]\n<h5 id=\"teisim\" style=\"color: #ffffff; font-size: 14px; font-weight: 500; text-align: left;\">Tarkan Ersuba\u015f\u0131<img loading=\"lazy\" decoding=\"async\" id=\"teimza\" class=\"wp-image-2766 alignright\" src=\"http:\/\/procatint.com\/wp-content\/uploads\/2018\/12\/te_imza-300x86.png\" alt=\"\" width=\"150\" height=\"43\" srcset=\"https:\/\/procatint.com\/de\/wp-content\/uploads\/2018\/12\/te_imza-300x86.png 300w, https:\/\/procatint.com\/de\/wp-content\/uploads\/2018\/12\/te_imza.png 368w\" sizes=\"auto, (max-width: 150px) 100vw, 150px\" \/><\/h5>\n<p style=\"color: #bdbdbd; text-align: left;\">Chairman of the Board &#8211; Procat<\/p>\n[\/bpt_custom_text][bpt_spacing height=&#8221;40px&#8221;][\/vc_column_inner][\/vc_row_inner][\/vc_column][vc_column css=&#8221;.vc_custom_1525779125873{padding-top: 0px !important;background-position: center !important;background-repeat: no-repeat !important;background-size: cover !important;}&#8221; offset=&#8221;vc_col-lg-6&#8243;][vc_single_image image=&#8221;3086&#8243; img_size=&#8221;940&#215;788&#8243;][\/vc_column][\/vc_row][vc_row full_width=&#8221;stretch_row&#8221; css=&#8221;.vc_custom_1526395458878{margin-top: -280px !important;}&#8221;][vc_column][bpt_spacing height=&#8221;150px&#8221;][\/vc_column][\/vc_row][vc_row][vc_column offset=&#8221;vc_col-lg-offset-2 vc_col-lg-8&#8243;][bpt_spacing height=&#8221;57px&#8221;][vc_separator style=&#8221;shadow&#8221;][bpt_spacing height=&#8221;57px&#8221;][vc_row_inner][vc_column_inner width=&#8221;1\/4&#8243; offset=&#8221;vc_col-xs-6&#8243;][bpt_counter counter_align=&#8221;center&#8221; css_animation=&#8221;none&#8221; icon_type=&#8221;image&#8221; thumbnail=&#8221;324&#8243; title_weight=&#8221;300&#8243; count_value_weight=&#8221;600&#8243; count_value_size=&#8221;48&#8243; count_title=&#8221;Mehrsprachiger Service&#8221; count_value=&#8221;13&#8243; custom_image_height=&#8221;52&#8243; custom_icon_bg_height=&#8221;66&#8243; count_suffix=&#8221;+&#8221;][\/vc_column_inner][vc_column_inner width=&#8221;1\/4&#8243; offset=&#8221;vc_col-xs-6&#8243;][bpt_counter counter_align=&#8221;center&#8221; css_animation=&#8221;none&#8221; icon_type=&#8221;image&#8221; thumbnail=&#8221;322&#8243; title_weight=&#8221;300&#8243; count_value_weight=&#8221;600&#8243; count_value_size=&#8221;48&#8243; count_title=&#8221;Seat-Installationen&#8221; count_value=&#8221;2100&#8243; custom_image_height=&#8221;52&#8243; custom_icon_bg_height=&#8221;66&#8243; count_suffix=&#8221;+&#8221;][bpt_spacing height=&#8221;30px&#8221;][\/vc_column_inner][vc_column_inner width=&#8221;1\/4&#8243; offset=&#8221;vc_col-xs-6&#8243;][bpt_counter counter_align=&#8221;center&#8221; css_animation=&#8221;none&#8221; icon_type=&#8221;image&#8221; thumbnail=&#8221;323&#8243; title_weight=&#8221;300&#8243; count_value_weight=&#8221;600&#8243; count_value_size=&#8221;48&#8243; count_title=&#8221;Projekte&#8221; count_value=&#8221;100&#8243; custom_image_height=&#8221;52&#8243; custom_icon_bg_height=&#8221;66&#8243; count_suffix=&#8221;+&#8221;][bpt_spacing height=&#8221;30px&#8221;][\/vc_column_inner][vc_column_inner width=&#8221;1\/4&#8243; offset=&#8221;vc_col-xs-6&#8243;][bpt_counter counter_align=&#8221;center&#8221; css_animation=&#8221;none&#8221; icon_type=&#8221;image&#8221; thumbnail=&#8221;325&#8243; title_weight=&#8221;300&#8243; count_value_weight=&#8221;600&#8243; count_value_size=&#8221;48&#8243; count_title=&#8221;Zufriedene Kunden&#8221; count_value=&#8221;40&#8243; custom_image_height=&#8221;52&#8243; custom_icon_bg_height=&#8221;66&#8243; count_suffix=&#8221;+&#8221;][bpt_spacing height=&#8221;30px&#8221;][\/vc_column_inner][\/vc_row_inner][bpt_spacing height=&#8221;57px&#8221;][bpt_custom_text css_animation=&#8221;none&#8221; text_color=&#8221;#282828&#8243; font_size=&#8221;36&#8243;]\n<h3 style=\"text-align: center;\"><span>Einige unserer Projekte<\/span><\/h3>\n[\/bpt_custom_text][bpt_spacing height=&#8221;19px&#8221;][bpt_custom_text css_animation=&#8221;none&#8221; text_color=&#8221;#4d4d4d&#8221; font_size=&#8221;18&#8243; line_height=&#8221;170&#8243;]\n<p style=\"text-align: center;\"><span>Der beste Gesch\u00e4ftsplan f\u00fcr uns ist <\/span>\u201e<span>Qualit\u00e4t<\/span>\u201c<span>. Unser Motto, <\/span>\u201e<span>gl\u00fcckliche Mitarbeiter, erfolgreiche Projekte und zufriedene Kunden&#8230;<\/span>\u201c<\/p>\n[\/bpt_custom_text][bpt_spacing height=&#8221;32px&#8221;][\/vc_column][\/vc_row][vc_row full_width=&#8221;stretch_row&#8221; equal_height=&#8221;yes&#8221; content_placement=&#8221;middle&#8221; css=&#8221;.vc_custom_1534416917108{background-image: url(http:\/\/procatint.com\/wp-content\/uploads\/2018\/08\/home_band-12-11.jpg?id=2172) !important;background-position: center !important;background-repeat: no-repeat !important;background-size: cover !important;}&#8221;][vc_column][vc_row_inner content_placement=&#8221;middle&#8221;][vc_column_inner width=&#8221;2\/3&#8243; offset=&#8221;vc_col-md-9&#8243;][bpt_custom_text css_animation=&#8221;none&#8221; text_color=&#8221;#ffffff&#8221; font_size=&#8221;34&#8243;]\n<h3><span>Schauen Sie sich unsere erfolgreichen Projekte und zufriedenen Kunden genauer an&#8230;<\/span><\/h3>\n[\/bpt_custom_text][bpt_custom_text css_animation=&#8221;none&#8221; text_color=&#8221;#282828&#8243; font_size=&#8221;36&#8243;]<a name=\"team\"><\/a>[\/bpt_custom_text][bpt_spacing height=&#8221;32px&#8221; responsive_es=&#8221;true&#8221;][\/vc_column_inner][vc_column_inner width=&#8221;1\/3&#8243; offset=&#8221;vc_col-md-3&#8243;][bpt_spacing height=&#8221;32px&#8221; responsive_es=&#8221;true&#8221;][bpt_button button_title=&#8221;BITTE KLICKEN&#8221; button_size=&#8221;large&#8221; btn_customize=&#8221;color&#8221; btn_text_color=&#8221;#69a529&#8243; btn_text_color_hover=&#8221;#ffffff&#8221; btn_bg_color=&#8221;#ffffff&#8221; btn_bg_color_hover=&#8221;#69a529&#8243; btn_border_color=&#8221;#69a529&#8243; btn_border_color_hover=&#8221;#69a529&#8243; link=&#8221;url:https%3A%2F%2Fprocatint.com%2Fde%2F%3Fpage_id%3D417|||&#8221;][\/vc_column_inner][\/vc_row_inner][\/vc_column][\/vc_row]\n","protected":false},"excerpt":{"rendered":"<p>[vc_row css=&#8221;.vc_custom_1525264435845{margin-top: -40px !important;}&#8221;][vc_column][rev_slider_vc alias=&#8221;global-slider&#8221;][\/vc_column][\/vc_row][vc_row full_width=&#8221;stretch_row_content&#8221; css=&#8221;.vc_custom_1533887658959{background-color: #f8f8f8 !important;}&#8221;][vc_column css=&#8221;.vc_custom_1525179766235{padding-top: 0px !important;}&#8221;][bpt_custom_text css_animation=&#8221;none&#8221; text_color=&#8221;#282828&#8243; font_size=&#8221;36&#8243;][\/bpt_custom_text][bpt_clients item_grid=&#8221;6&#8243; item_anim=&#8221;invert&#8221; css_animation=&#8221;fadeInDown&#8221; values=&#8221;%5B%7B%22thumbnail%22%3A%223425%22%7D%2C%7B%22thumbnail%22%3A%223426%22%7D%2C%7B%22thumbnail%22%3A%223427%22%7D%2C%7B%22thumbnail%22%3A%223428%22%7D%2C%7B%22thumbnail%22%3A%223433%22%7D%2C%7B%22thumbnail%22%3A%223430%22%7D%5D&#8221;][\/vc_column][\/vc_row][vc_row][vc_column][bpt_spacing height=&#8221;32px&#8221;][vc_row_inner][vc_column_inner offset=&#8221;vc_col-lg-offset-2 vc_col-lg-8&#8243;][bpt_custom_text css_animation=&#8221;none&#8221; text_color=&#8221;#282828&#8243; font_size=&#8221;36&#8243;] Erfahrenes Team, f\u00fchrende Technologien. Die perfekte Kombination. [\/bpt_custom_text][bpt_spacing height=&#8221;32px&#8221;][bpt_custom_text css_animation=&#8221;none&#8221; text_color=&#8221;#4d4d4d&#8221; font_size=&#8221;23&#8243; line_height=&#8221;170&#8243;] Wir helfen Unternehmen, Kundenservice auf Weltklasseniveau zu liefern. \u00a0 [\/bpt_custom_text][bpt_spacing height=&#8221;40px&#8221;][\/vc_column_inner][\/vc_row_inner][vc_single_image image=&#8221;3469&#8243; img_size=&#8221;full&#8221; alignment=&#8221;center&#8221;][\/vc_column][\/vc_row][vc_row el_id=&#8221;#services&#8221;][vc_column][bpt_spacing height=&#8221;48px&#8221;][vc_separator color=&#8221;mulled_wine&#8221; [&hellip;]<\/p>\n","protected":false},"author":1,"featured_media":2823,"parent":0,"menu_order":0,"comment_status":"closed","ping_status":"closed","template":"","meta":{"footnotes":""},"class_list":["post-2103","page","type-page","status-publish","has-post-thumbnail","hentry"],"aioseo_notices":[],"_links":{"self":[{"href":"https:\/\/procatint.com\/de\/index.php?rest_route=\/wp\/v2\/pages\/2103","targetHints":{"allow":["GET"]}}],"collection":[{"href":"https:\/\/procatint.com\/de\/index.php?rest_route=\/wp\/v2\/pages"}],"about":[{"href":"https:\/\/procatint.com\/de\/index.php?rest_route=\/wp\/v2\/types\/page"}],"author":[{"embeddable":true,"href":"https:\/\/procatint.com\/de\/index.php?rest_route=\/wp\/v2\/users\/1"}],"replies":[{"embeddable":true,"href":"https:\/\/procatint.com\/de\/index.php?rest_route=%2Fwp%2Fv2%2Fcomments&post=2103"}],"version-history":[{"count":349,"href":"https:\/\/procatint.com\/de\/index.php?rest_route=\/wp\/v2\/pages\/2103\/revisions"}],"predecessor-version":[{"id":3593,"href":"https:\/\/procatint.com\/de\/index.php?rest_route=\/wp\/v2\/pages\/2103\/revisions\/3593"}],"wp:featuredmedia":[{"embeddable":true,"href":"https:\/\/procatint.com\/de\/index.php?rest_route=\/wp\/v2\/media\/2823"}],"wp:attachment":[{"href":"https:\/\/procatint.com\/de\/index.php?rest_route=%2Fwp%2Fv2%2Fmedia&parent=2103"}],"curies":[{"name":"wp","href":"https:\/\/api.w.org\/{rel}","templated":true}]}}