{"id":2311,"date":"2018-10-15T14:00:19","date_gmt":"2018-10-15T11:00:19","guid":{"rendered":"http:\/\/procatint.com\/?page_id=2311"},"modified":"2019-06-17T12:10:36","modified_gmt":"2019-06-17T09:10:36","slug":"cpm","status":"publish","type":"page","link":"https:\/\/procatint.com\/de\/?page_id=2311","title":{"rendered":"CPM"},"content":{"rendered":"[vc_row css=&#8221;.vc_custom_1525264435845{margin-top: -40px !important;}&#8221;][vc_column][rev_slider_vc alias=&#8221;qua-services&#8221;][\/vc_column][\/vc_row][vc_row][vc_column][bpt_spacing height=&#8221;50px&#8221;][\/vc_column][\/vc_row][vc_row][vc_column offset=&#8221;vc_col-md-6&#8243;][bpt_image_layers interval=&#8221;800&#8243; transition=&#8221;1100&#8243; values=&#8221;%5B%7B%22thumbnail%22%3A%222324%22%2C%22image_animation%22%3A%22slide_up%22%2C%22image_order%22%3A%221%22%7D%2C%7B%22thumbnail%22%3A%222326%22%2C%22image_animation%22%3A%22slide_right%22%2C%22image_order%22%3A%221%22%7D%2C%7B%22thumbnail%22%3A%222325%22%2C%22image_animation%22%3A%22slide_left%22%2C%22image_order%22%3A%221%22%7D%5D&#8221;][\/vc_column][vc_column offset=&#8221;vc_col-md-6&#8243;][bpt_spacing height=&#8221;44px&#8221;][bpt_spacing height=&#8221;44px&#8221;][bpt_spacing height=&#8221;44px&#8221;][vc_row_inner][vc_column_inner offset=&#8221;vc_col-lg-offset-1 vc_col-lg-11&#8243;][bpt_custom_text css_animation=&#8221;none&#8221; text_color=&#8221;#4f4f4f&#8221; font_size=&#8221;34&#8243; line_height=&#8221;130&#8243;]\n<h2><span>Qua Services f\u00fcr ein besseres Teammanagement.<\/span><\/h2>\n[\/bpt_custom_text][bpt_spacing height=&#8221;24px&#8221;][bpt_custom_text css_animation=&#8221;none&#8221; text_color=&#8221;#4f4f4f&#8221; font_size=&#8221;20&#8243; line_height=&#8221;170&#8243;]<span>Procat\u2018s Corporate Performance Management-Plattform Qua Services erm\u00f6glicht Unternehmen die Leistung ihrer Mitarbeiter und Qualit\u00e4t ihrer Prozesse in Echtzeit zu \u00fcberwachen.<\/span>[\/bpt_custom_text][bpt_spacing height=&#8221;1px&#8221;][vc_column_text css_animation=&#8221;none&#8221;][\/vc_column_text][bpt_spacing height=&#8221;22px&#8221;][\/vc_column_inner][\/vc_row_inner][\/vc_column][\/vc_row][vc_row][vc_column width=&#8221;1\/4&#8243;][bpt_counter counter_align=&#8221;center&#8221; icon_type=&#8221;image&#8221; thumbnail=&#8221;2848&#8243; title_size=&#8221;28&#8243; count_value_weight=&#8221;600&#8243; count_value_size=&#8221;58&#8243; count_value_color=&#8221;#dd9933&#8243; count_title=&#8221;Jahre Branchenerfahrung&#8221; count_value=&#8221;25&#8243; custom_count_value_color=&#8221;true&#8221; custom_icon_bg_width=&#8221;90&#8243; custom_icon_bg_height=&#8221;90&#8243; count_suffix=&#8221;+&#8221;][bpt_spacing height=&#8221;40px&#8221;][\/vc_column][vc_column width=&#8221;1\/4&#8243;][bpt_counter counter_align=&#8221;center&#8221; icon_type=&#8221;image&#8221; thumbnail=&#8221;2847&#8243; title_size=&#8221;28&#8243; count_value_weight=&#8221;600&#8243; count_value_size=&#8221;58&#8243; count_value_color=&#8221;#dd9933&#8243; count_title=&#8221;Jahre Entwicklung&#8221; count_value=&#8221;3&#8243; custom_count_value_color=&#8221;true&#8221; custom_icon_bg_width=&#8221;90&#8243; custom_icon_bg_height=&#8221;90&#8243; count_suffix=&#8221;+&#8221;][bpt_spacing height=&#8221;40px&#8221;][\/vc_column][vc_column width=&#8221;1\/4&#8243;][bpt_counter counter_align=&#8221;center&#8221; icon_type=&#8221;image&#8221; thumbnail=&#8221;2846&#8243; title_size=&#8221;28&#8243; count_value_weight=&#8221;600&#8243; count_value_size=&#8221;58&#8243; count_value_color=&#8221;#dd9933&#8243; count_title=&#8221;Verschiedene Module&#8221; count_value=&#8221;7&#8243; custom_count_value_color=&#8221;true&#8221; custom_icon_bg_width=&#8221;90&#8243; custom_icon_bg_height=&#8221;90&#8243;][bpt_spacing height=&#8221;40px&#8221;][\/vc_column][vc_column width=&#8221;1\/4&#8243;][bpt_counter counter_align=&#8221;center&#8221; icon_type=&#8221;image&#8221; thumbnail=&#8221;2845&#8243; title_size=&#8221;28&#8243; count_value_weight=&#8221;600&#8243; count_value_size=&#8221;58&#8243; count_value_color=&#8221;#dd9933&#8243; count_title=&#8221;Aktive Nutzer&#8221; count_value=&#8221;2000&#8243; custom_count_value_color=&#8221;true&#8221; custom_icon_bg_width=&#8221;90&#8243; custom_icon_bg_height=&#8221;90&#8243; count_suffix=&#8221;+&#8221;][\/vc_column][\/vc_row][vc_row][vc_column][bpt_spacing height=&#8221;100px&#8221;][\/vc_column][\/vc_row][vc_row full_width=&#8221;stretch_row&#8221; equal_height=&#8221;yes&#8221; content_placement=&#8221;top&#8221; parallax=&#8221;content-moving&#8221; parallax_image=&#8221;2833&#8243;][vc_column][bpt_spacing height=&#8221;65px&#8221;][bpt_custom_text css_animation=&#8221;none&#8221; text_color=&#8221;#ffffff&#8221; font_size=&#8221;40&#8243;]\n<h3><span>Unser Ziel <\/span><\/h3>\n[\/bpt_custom_text][bpt_spacing height=&#8221;16px&#8221;][bpt_custom_text css_animation=&#8221;none&#8221; text_color=&#8221;#ffffff&#8221; font_size=&#8221;25&#8243; line_height=&#8221;170&#8243;]\n<blockquote>\n<p><span>Qua Services wurde vor drei Jahren entwickelt, um ein faireres Pr\u00e4mien- und Managementsystem auf der Grundlage von Echtzeitdaten bereitzustellen.<\/span><\/p>\n<\/blockquote>\n[\/bpt_custom_text][bpt_spacing height=&#8221;46px&#8221;][vc_row_inner][vc_column_inner width=&#8221;1\/2&#8243; offset=&#8221;vc_col-md-3&#8243;][bpt_info_box ib_layout=&#8221;left&#8221; css_animation=&#8221;bounceIn&#8221; icon_type=&#8221;font&#8221; icon_font_type=&#8221;type_fontawesome&#8221; icon_fontawesome=&#8221;fa fa-flag&#8221; icon_color=&#8221;#ffd13d&#8221; icon_color_hover=&#8221;#ffffff&#8221; title_color=&#8221;#ffffff&#8221; content_size=&#8221;14&#8243; content_color=&#8221;#cdcdcd&#8221; ib_title=&#8221;Eine Plattform&#8221; ib_content=&#8221;Verwalten Sie Ihre gesamte Transaktion in einer einzigen Anwendung.&#8221; custom_icon_color=&#8221;true&#8221; custom_icon_bg_width=&#8221;40&#8243; custom_icon_bg_height=&#8221;40&#8243; custom_title_color=&#8221;true&#8221; custom_content_color=&#8221;true&#8221; custom_icon_size=&#8221;60&#8243;][bpt_spacing height=&#8221;46px&#8221;][bpt_info_box ib_layout=&#8221;left&#8221; css_animation=&#8221;bounceIn&#8221; icon_type=&#8221;font&#8221; icon_font_type=&#8221;type_fontawesome&#8221; icon_fontawesome=&#8221;fa fa-window-restore&#8221; icon_color=&#8221;#ffd13d&#8221; icon_color_hover=&#8221;#ffffff&#8221; title_color=&#8221;#ffffff&#8221; content_size=&#8221;14&#8243; content_color=&#8221;#cdcdcd&#8221; ib_title=&#8221;Erstellen Sie schnelle und einfache Formulare&#8221; ib_content=&#8221;Neue Formulare, Pr\u00fcfungen, Sonderberichte etc. gestalten.&#8221; custom_icon_color=&#8221;true&#8221; custom_icon_bg_width=&#8221;40&#8243; custom_icon_bg_height=&#8221;40&#8243; custom_title_color=&#8221;true&#8221; custom_content_color=&#8221;true&#8221; custom_icon_size=&#8221;50&#8243;][bpt_spacing height=&#8221;46&#8243;][\/vc_column_inner][vc_column_inner width=&#8221;1\/2&#8243; offset=&#8221;vc_col-md-3&#8243;][bpt_info_box ib_layout=&#8221;left&#8221; css_animation=&#8221;bounceIn&#8221; icon_type=&#8221;font&#8221; icon_font_type=&#8221;type_fontawesome&#8221; icon_fontawesome=&#8221;fa fa-plus-square-o&#8221; icon_color=&#8221;#ffd13d&#8221; icon_color_hover=&#8221;#ffffff&#8221; title_color=&#8221;#ffffff&#8221; content_size=&#8221;14&#8243; content_color=&#8221;#cdcdcd&#8221; ib_title=&#8221;Zeit und Kosten sparen.&#8221; ib_content=&#8221;Integriert in Genesys Pure Connect.&#8221; custom_icon_color=&#8221;true&#8221; custom_icon_bg_width=&#8221;40&#8243; custom_icon_bg_height=&#8221;40&#8243; custom_title_color=&#8221;true&#8221; custom_content_color=&#8221;true&#8221; custom_icon_size=&#8221;60&#8243;][bpt_spacing height=&#8221;46px&#8221;][bpt_info_box ib_layout=&#8221;left&#8221; css_animation=&#8221;bounceIn&#8221; icon_type=&#8221;font&#8221; icon_font_type=&#8221;type_fontawesome&#8221; icon_fontawesome=&#8221;fa fa-power-off&#8221; icon_color=&#8221;#ffd13d&#8221; icon_color_hover=&#8221;#ffffff&#8221; title_color=&#8221;#ffffff&#8221; content_size=&#8221;14&#8243; content_color=&#8221;#cdcdcd&#8221; ib_title=&#8221;Drill &#038; Down-Funktion&#8221; ib_content=&#8221;Es hilft Ihnen, Details zu erreichen und Berichte einfach zu teilen.&#8221; custom_icon_color=&#8221;true&#8221; custom_icon_bg_width=&#8221;40&#8243; custom_icon_bg_height=&#8221;40&#8243; custom_title_color=&#8221;true&#8221; custom_content_color=&#8221;true&#8221; custom_icon_size=&#8221;60&#8243;][bpt_spacing height=&#8221;46&#8243;][\/vc_column_inner][vc_column_inner width=&#8221;1\/2&#8243; offset=&#8221;vc_col-md-3&#8243;][bpt_info_box ib_layout=&#8221;left&#8221; css_animation=&#8221;bounceIn&#8221; icon_type=&#8221;font&#8221; icon_font_type=&#8221;type_flaticon&#8221; icon_flaticon=&#8221;flaticon-graphic-1&#8243; icon_color=&#8221;#ffd13d&#8221; icon_color_hover=&#8221;#ffffff&#8221; title_color=&#8221;#ffffff&#8221; content_size=&#8221;14&#8243; content_color=&#8221;#cdcdcd&#8221; ib_title=&#8221;Faires Pr\u00e4miensystem&#8221; ib_content=&#8221;Ein auf echten Daten basierendes Pr\u00e4miensystem.&#8221; custom_icon_color=&#8221;true&#8221; custom_icon_bg_width=&#8221;40&#8243; custom_icon_bg_height=&#8221;40&#8243; custom_title_color=&#8221;true&#8221; custom_content_color=&#8221;true&#8221; custom_icon_size=&#8221;60&#8243;][bpt_spacing height=&#8221;46px&#8221;][bpt_info_box ib_layout=&#8221;left&#8221; css_animation=&#8221;bounceIn&#8221; icon_type=&#8221;font&#8221; icon_font_type=&#8221;type_fontawesome&#8221; icon_fontawesome=&#8221;fa fa-tachometer&#8221; icon_color=&#8221;#ffd13d&#8221; icon_color_hover=&#8221;#ffffff&#8221; title_color=&#8221;#ffffff&#8221; content_size=&#8221;14&#8243; content_color=&#8221;#cdcdcd&#8221; ib_title=&#8221;Bedienungsfreund-liche Oberfl\u00e4che&#8221; ib_content=&#8221;Manager k\u00f6nnen den Betrieb regelm\u00e4\u00dfig und genau \u00fcberwachen.&#8221; custom_icon_color=&#8221;true&#8221; custom_icon_bg_width=&#8221;40&#8243; custom_icon_bg_height=&#8221;40&#8243; custom_title_color=&#8221;true&#8221; custom_content_color=&#8221;true&#8221; custom_icon_size=&#8221;60&#8243;][bpt_spacing height=&#8221;46px&#8221;][\/vc_column_inner][vc_column_inner width=&#8221;1\/2&#8243; offset=&#8221;vc_col-md-3&#8243;][bpt_info_box ib_layout=&#8221;left&#8221; css_animation=&#8221;bounceIn&#8221; icon_type=&#8221;font&#8221; icon_font_type=&#8221;type_fontawesome&#8221; icon_fontawesome=&#8221;fa fa-users&#8221; icon_color=&#8221;#ffd13d&#8221; icon_color_hover=&#8221;#ffffff&#8221; title_color=&#8221;#ffffff&#8221; content_size=&#8221;14&#8243; content_color=&#8221;#cdcdcd&#8221; ib_title=&#8221;Anpassbares Design&#8221; ib_content=&#8221;Bietet die Flexibilit\u00e4t, auf Tablets und Smartphones zu arbeiten.&#8221; custom_icon_color=&#8221;true&#8221; custom_icon_bg_width=&#8221;40&#8243; custom_icon_bg_height=&#8221;40&#8243; custom_title_color=&#8221;true&#8221; custom_content_color=&#8221;true&#8221; custom_icon_size=&#8221;55&#8243;][bpt_spacing height=&#8221;46px&#8221;][\/vc_column_inner][\/vc_row_inner][bpt_spacing height=&#8221;62px&#8221;][\/vc_column][\/vc_row][vc_row][vc_column][bpt_spacing height=&#8221;52px&#8221;][bpt_custom_text css_animation=&#8221;none&#8221; text_color=&#8221;#4f4f4f&#8221; font_size=&#8221;36&#8243;]\n<h3 style=\"text-align: center;\"><span>End-to-End-<\/span><\/h3>\n<h3 style=\"text-align: center;\"><span>Leistungsmanagement<\/span><\/h3>\n[\/bpt_custom_text][bpt_spacing height=&#8221;52px&#8221;][\/vc_column][\/vc_row][vc_row][vc_column width=&#8221;1\/4&#8243;][bpt_info_box ib_align=&#8221;center&#8221; css_animation=&#8221;bounceIn&#8221; icon_type=&#8221;image&#8221; thumbnail=&#8221;3113&#8243; title_tag=&#8221;span&#8221; title_size=&#8221;25&#8243; subtitle_tag=&#8221;div&#8221; content_size=&#8221;18&#8243; content_color=&#8221;#4f4f4f&#8221; custom_icon_bg_width=&#8221;180&#8243; custom_icon_bg_height=&#8221;180&#8243; custom_content_color=&#8221;true&#8221;][vc_empty_space height=&#8221;12px&#8221;][bpt_custom_text text_color=&#8221;#474747&#8243; font_size=&#8221;18&#8243;]\n<p style=\"text-align: center;\"><span>Bewerten Sie die Anrufe oder Jobleistung der Benutzer und erstellen Sie Ergebnistabellen anhand der Qualit\u00e4tsformulare, die Sie selbst definiert haben.<\/span><\/p>\n[\/bpt_custom_text][vc_empty_space][vc_empty_space height=&#8221;12px&#8221;][\/vc_column][vc_column width=&#8221;1\/4&#8243;][bpt_info_box ib_align=&#8221;center&#8221; css_animation=&#8221;bounceIn&#8221; icon_type=&#8221;image&#8221; thumbnail=&#8221;3114&#8243; title_tag=&#8221;h4&#8243; content_size=&#8221;18&#8243; content_color=&#8221;#4f4f4f&#8221; custom_icon_bg_width=&#8221;180&#8243; custom_icon_bg_height=&#8221;180&#8243; custom_content_color=&#8221;true&#8221;][vc_empty_space height=&#8221;12px&#8221;][bpt_custom_text text_color=&#8221;#474747&#8243; font_size=&#8221;18&#8243;]\n<p style=\"text-align: center;\"><span>Pr\u00fcfungen mit den gew\u00fcnschten Zeit- und Antwortoptionen erstellen. Benutzer benoten. F\u00fcgen Sie die Pr\u00fcfungsergebnisse in die Leistungskarte ein.<\/span><\/p>\n[\/bpt_custom_text][vc_empty_space][\/vc_column][vc_column width=&#8221;1\/4&#8243;][bpt_info_box ib_align=&#8221;center&#8221; css_animation=&#8221;bounceIn&#8221; icon_type=&#8221;image&#8221; thumbnail=&#8221;3111&#8243; title_tag=&#8221;h4&#8243; content_size=&#8221;18&#8243; content_color=&#8221;#4f4f4f&#8221; custom_icon_bg_width=&#8221;180&#8243; custom_icon_bg_height=&#8221;180&#8243; custom_content_color=&#8221;true&#8221;][vc_empty_space height=&#8221;12px&#8221;][bpt_custom_text text_color=&#8221;#474747&#8243; font_size=&#8221;18&#8243;]\n<p style=\"text-align: center;\"><span>Benutzerleistungstabellen mit selbst definierten Kriterien, Formeln und Datenquellen erstellen.<\/span><\/p>\n[\/bpt_custom_text][vc_empty_space][\/vc_column][vc_column width=&#8221;1\/4&#8243;][bpt_info_box ib_align=&#8221;center&#8221; css_animation=&#8221;bounceIn&#8221; icon_type=&#8221;image&#8221; thumbnail=&#8221;3115&#8243; title_tag=&#8221;h4&#8243; content_size=&#8221;18&#8243; content_color=&#8221;#4f4f4f&#8221; custom_icon_bg_width=&#8221;180&#8243; custom_icon_bg_height=&#8221;180&#8243; custom_content_color=&#8221;true&#8221;][vc_empty_space height=&#8221;12px&#8221;][bpt_custom_text text_color=&#8221;#474747&#8243; font_size=&#8221;18&#8243;]\n<p style=\"text-align: center;\"><span>Anzeigen von Daten aus einer Datenquelle, die mit Ihrer Qua-Plattform verbunden ist, in einem von Ihnen gew\u00fcnschten Format. Herunterladen oder mit Benutzern teilen. <\/span><\/p>\n[\/bpt_custom_text][\/vc_column][\/vc_row][vc_row][vc_column][vc_empty_space height=&#8221;70px&#8221;][\/vc_column][\/vc_row][vc_row][vc_column width=&#8221;1\/4&#8243;][bpt_info_box ib_align=&#8221;center&#8221; css_animation=&#8221;bounceIn&#8221; icon_type=&#8221;image&#8221; thumbnail=&#8221;3116&#8243; title_tag=&#8221;h6&#8243; content_size=&#8221;18&#8243; content_color=&#8221;#4f4f4f&#8221; custom_icon_bg_width=&#8221;180&#8243; custom_icon_bg_height=&#8221;180&#8243; custom_content_color=&#8221;true&#8221;][vc_empty_space height=&#8221;12px&#8221;][bpt_custom_text text_color=&#8221;#474747&#8243; font_size=&#8221;18&#8243;]\n<p style=\"text-align: center;\"><span>Erstellen Sie Aufgaben, teilen Sie diese mit einem Benutzer und zeigen Sie den gesamten Arbeitsablauf an.<\/span><\/p>\n[\/bpt_custom_text][vc_empty_space][\/vc_column][vc_column width=&#8221;1\/4&#8243;][bpt_info_box ib_align=&#8221;center&#8221; css_animation=&#8221;bounceIn&#8221; icon_type=&#8221;image&#8221; thumbnail=&#8221;3117&#8243; title_tag=&#8221;h4&#8243; content_size=&#8221;18&#8243; content_color=&#8221;#4f4f4f&#8221; custom_icon_bg_width=&#8221;180&#8243; custom_icon_bg_height=&#8221;180&#8243; custom_content_color=&#8221;true&#8221;][vc_empty_space height=&#8221;12px&#8221;][bpt_custom_text text_color=&#8221;#474747&#8243; font_size=&#8221;18&#8243;]\n<p style=\"text-align: center;\"><span>Probleme aufnehmen und messen, diese in kurzer Zeit l\u00f6sen und den Service-Level dieser Leistung messen.<\/span><\/p>\n[\/bpt_custom_text][vc_empty_space][\/vc_column][vc_column width=&#8221;1\/4&#8243;][bpt_info_box ib_align=&#8221;center&#8221; css_animation=&#8221;bounceIn&#8221; icon_type=&#8221;image&#8221; thumbnail=&#8221;3112&#8243; title_tag=&#8221;h4&#8243; content_size=&#8221;18&#8243; content_color=&#8221;#4f4f4f&#8221; custom_icon_bg_width=&#8221;180&#8243; custom_icon_bg_height=&#8221;180&#8243; custom_content_color=&#8221;true&#8221;][vc_empty_space height=&#8221;12px&#8221;][bpt_custom_text text_color=&#8221;#474747&#8243; font_size=&#8221;18&#8243;]\n<p style=\"text-align: center;\"><span>Gestalten Sie Berechnungen realistischer. Minimieren Sie manuelle Kontrollen und vermeiden Sie Verz\u00f6gerungen am Monatsende.<\/span><\/p>\n[\/bpt_custom_text][vc_empty_space][\/vc_column][vc_column width=&#8221;1\/4&#8243;][bpt_info_box ib_align=&#8221;center&#8221; css_animation=&#8221;bounceIn&#8221; icon_type=&#8221;image&#8221; thumbnail=&#8221;2842&#8243; title_tag=&#8221;h4&#8243; content_size=&#8221;18&#8243; content_color=&#8221;#4f4f4f&#8221; custom_icon_bg_width=&#8221;180&#8243; custom_icon_bg_height=&#8221;180&#8243; custom_content_color=&#8221;true&#8221;][vc_empty_space][\/vc_column][\/vc_row][vc_row][vc_column][bpt_spacing height=&#8221;52px&#8221;][vc_separator style=&#8221;shadow&#8221;][bpt_spacing height=&#8221;52px&#8221;][\/vc_column][\/vc_row][vc_row full_width=&#8221;stretch_row&#8221; equal_height=&#8221;yes&#8221; content_placement=&#8221;middle&#8221; css=&#8221;.vc_custom_1539688787713{background-position: center !important;background-repeat: no-repeat !important;background-size: cover !important;}&#8221;][vc_column][bpt_custom_text css_animation=&#8221;none&#8221; text_color=&#8221;#4f4f4f&#8221; font_size=&#8221;40&#8243;]\n<h3 style=\"text-align: center;\">KPI Designer<\/h3>\n[\/bpt_custom_text][bpt_spacing height=&#8221;20px&#8221;][bpt_custom_text css_animation=&#8221;none&#8221; text_color=&#8221;#4f4f4f4&#8243; font_size=&#8221;25&#8243; line_height=&#8221;170&#8243;]\n<p style=\"text-align: center;\"><span>Bestimmen Sie Ihre Erfolgskriterien nach Ihren W\u00fcnschen und messen Sie den Erfolg mit Fairness.<\/span><\/p>\n[\/bpt_custom_text][bpt_spacing height=&#8221;40px&#8221;][vc_row_inner][vc_column_inner width=&#8221;1\/4&#8243;][vc_pie value=&#8221;80&#8243; color=&#8221;custom&#8221; css_animation=&#8221;slideInLeft&#8221; custom_color=&#8221;#aa20d8&#8243;][vc_custom_heading text=&#8221;# der Verk\u00e4ufe&#8221; font_container=&#8221;tag:h3|text_align:center&#8221; use_theme_fonts=&#8221;yes&#8221;][vc_column_text]\n<p style=\"text-align: center;\">CRM \/ Qua \/ Dialler \/ Logs<\/p>\n[\/vc_column_text][vc_empty_space][\/vc_column_inner][vc_column_inner width=&#8221;1\/4&#8243;][vc_pie value=&#8221;85&#8243; color=&#8221;custom&#8221; css_animation=&#8221;slideInLeft&#8221; custom_color=&#8221;#2044d6&#8243;][vc_custom_heading text=&#8221;# der Leads&#8221; font_container=&#8221;tag:h3|text_align:center&#8221; use_theme_fonts=&#8221;yes&#8221;][vc_column_text]\n<p style=\"text-align: center;\">CRM \/ Qua \/ Dialler \/ Logs<\/p>\n[\/vc_column_text][vc_empty_space][\/vc_column_inner][vc_column_inner width=&#8221;1\/4&#8243;][vc_pie value=&#8221;78&#8243; color=&#8221;custom&#8221; css_animation=&#8221;slideInRight&#8221; custom_color=&#8221;#1e9fce&#8221;][vc_custom_heading text=&#8221;# der Collections&#8221; font_container=&#8221;tag:h3|text_align:center&#8221; use_theme_fonts=&#8221;yes&#8221;][vc_column_text]\n<p style=\"text-align: center;\">CRM \/ Qua \/ Dialler \/ Logs \/ Collect(+)<\/p>\n[\/vc_column_text][vc_empty_space][\/vc_column_inner][vc_column_inner width=&#8221;1\/4&#8243;][vc_pie value=&#8221;90&#8243; label_value=&#8221;90 sec.&#8221; color=&#8221;custom&#8221; css_animation=&#8221;slideInRight&#8221; custom_color=&#8221;#22e285&#8243;][vc_custom_heading text=&#8221;AHT&#8221; font_container=&#8221;tag:h3|text_align:center&#8221; use_theme_fonts=&#8221;yes&#8221;][vc_empty_space][\/vc_column_inner][\/vc_row_inner][vc_row_inner][vc_column_inner width=&#8221;1\/4&#8243;][vc_pie value=&#8221;65&#8243; label_value=&#8221;65 sec.&#8221; color=&#8221;custom&#8221; css_animation=&#8221;slideInLeft&#8221; custom_color=&#8221;#20d641&#8243;][vc_custom_heading text=&#8221;ACW&#8221; font_container=&#8221;tag:h3|text_align:center&#8221; use_theme_fonts=&#8221;yes&#8221;][vc_empty_space][\/vc_column_inner][vc_column_inner width=&#8221;1\/4&#8243;][vc_pie value=&#8221;97&#8243; label_value=&#8221;97 %&#8221; color=&#8221;custom&#8221; css_animation=&#8221;slideInLeft&#8221; custom_color=&#8221;#b2ea09&#8243;][vc_custom_heading text=&#8221;Service Level&#8221; font_container=&#8221;tag:h3|text_align:center&#8221; use_theme_fonts=&#8221;yes&#8221;][vc_empty_space][\/vc_column_inner][vc_column_inner width=&#8221;1\/4&#8243;][vc_pie value=&#8221;70&#8243; label_value=&#8221;70 %&#8221; color=&#8221;custom&#8221; css_animation=&#8221;slideInRight&#8221; custom_color=&#8221;#f7d600&#8243;][vc_custom_heading text=&#8221;Schicht<br \/>\n-einhaltung&#8221; font_container=&#8221;tag:h3|text_align:center&#8221; use_theme_fonts=&#8221;yes&#8221;][vc_empty_space][\/vc_column_inner][vc_column_inner width=&#8221;1\/4&#8243;][vc_pie value=&#8221;96&#8243; color=&#8221;custom&#8221; css_animation=&#8221;slideInRight&#8221; custom_color=&#8221;#ff356b&#8221;][vc_custom_heading text=&#8221;Quality Score&#8221; font_container=&#8221;tag:h3|text_align:center&#8221; use_theme_fonts=&#8221;yes&#8221;][vc_empty_space][\/vc_column_inner][\/vc_row_inner][bpt_spacing height=&#8221;52px&#8221;][bpt_spacing height=&#8221;52px&#8221;][\/vc_column][\/vc_row]\n","protected":false},"excerpt":{"rendered":"<p>[vc_row css=&#8221;.vc_custom_1525264435845{margin-top: -40px !important;}&#8221;][vc_column][rev_slider_vc alias=&#8221;qua-services&#8221;][\/vc_column][\/vc_row][vc_row][vc_column][bpt_spacing height=&#8221;50px&#8221;][\/vc_column][\/vc_row][vc_row][vc_column offset=&#8221;vc_col-md-6&#8243;][bpt_image_layers interval=&#8221;800&#8243; transition=&#8221;1100&#8243; values=&#8221;%5B%7B%22thumbnail%22%3A%222324%22%2C%22image_animation%22%3A%22slide_up%22%2C%22image_order%22%3A%221%22%7D%2C%7B%22thumbnail%22%3A%222326%22%2C%22image_animation%22%3A%22slide_right%22%2C%22image_order%22%3A%221%22%7D%2C%7B%22thumbnail%22%3A%222325%22%2C%22image_animation%22%3A%22slide_left%22%2C%22image_order%22%3A%221%22%7D%5D&#8221;][\/vc_column][vc_column offset=&#8221;vc_col-md-6&#8243;][bpt_spacing height=&#8221;44px&#8221;][bpt_spacing height=&#8221;44px&#8221;][bpt_spacing height=&#8221;44px&#8221;][vc_row_inner][vc_column_inner offset=&#8221;vc_col-lg-offset-1 vc_col-lg-11&#8243;][bpt_custom_text css_animation=&#8221;none&#8221; text_color=&#8221;#4f4f4f&#8221; font_size=&#8221;34&#8243; line_height=&#8221;130&#8243;] Qua Services f\u00fcr ein besseres Teammanagement. [\/bpt_custom_text][bpt_spacing height=&#8221;24px&#8221;][bpt_custom_text css_animation=&#8221;none&#8221; text_color=&#8221;#4f4f4f&#8221; font_size=&#8221;20&#8243; line_height=&#8221;170&#8243;]Procat\u2018s Corporate Performance Management-Plattform Qua Services erm\u00f6glicht Unternehmen die Leistung ihrer Mitarbeiter und Qualit\u00e4t ihrer Prozesse in Echtzeit zu \u00fcberwachen.[\/bpt_custom_text][bpt_spacing height=&#8221;1px&#8221;][vc_column_text css_animation=&#8221;none&#8221;][\/vc_column_text][bpt_spacing height=&#8221;22px&#8221;][\/vc_column_inner][\/vc_row_inner][\/vc_column][\/vc_row][vc_row][vc_column width=&#8221;1\/4&#8243;][bpt_counter [&hellip;]<\/p>\n","protected":false},"author":1,"featured_media":0,"parent":0,"menu_order":0,"comment_status":"closed","ping_status":"closed","template":"","meta":{"footnotes":""},"class_list":["post-2311","page","type-page","status-publish","hentry"],"aioseo_notices":[],"_links":{"self":[{"href":"https:\/\/procatint.com\/de\/index.php?rest_route=\/wp\/v2\/pages\/2311","targetHints":{"allow":["GET"]}}],"collection":[{"href":"https:\/\/procatint.com\/de\/index.php?rest_route=\/wp\/v2\/pages"}],"about":[{"href":"https:\/\/procatint.com\/de\/index.php?rest_route=\/wp\/v2\/types\/page"}],"author":[{"embeddable":true,"href":"https:\/\/procatint.com\/de\/index.php?rest_route=\/wp\/v2\/users\/1"}],"replies":[{"embeddable":true,"href":"https:\/\/procatint.com\/de\/index.php?rest_route=%2Fwp%2Fv2%2Fcomments&post=2311"}],"version-history":[{"count":85,"href":"https:\/\/procatint.com\/de\/index.php?rest_route=\/wp\/v2\/pages\/2311\/revisions"}],"predecessor-version":[{"id":3557,"href":"https:\/\/procatint.com\/de\/index.php?rest_route=\/wp\/v2\/pages\/2311\/revisions\/3557"}],"wp:attachment":[{"href":"https:\/\/procatint.com\/de\/index.php?rest_route=%2Fwp%2Fv2%2Fmedia&parent=2311"}],"curies":[{"name":"wp","href":"https:\/\/api.w.org\/{rel}","templated":true}]}}