{"id":2365,"date":"2018-10-16T16:32:27","date_gmt":"2018-10-16T13:32:27","guid":{"rendered":"http:\/\/procatint.com\/?page_id=2365"},"modified":"2019-04-15T15:27:19","modified_gmt":"2019-04-15T12:27:19","slug":"customer-experience","status":"publish","type":"page","link":"https:\/\/procatint.com\/de\/?page_id=2365","title":{"rendered":"Customer Experience"},"content":{"rendered":"[vc_row css=&#8221;.vc_custom_1525264435845{margin-top: -40px !important;}&#8221;][vc_column][rev_slider_vc alias=&#8221;pro-cx&#8221;][\/vc_column][\/vc_row][vc_row][vc_column][bpt_spacing height=&#8221;50px&#8221;][\/vc_column][\/vc_row][vc_row][vc_column offset=&#8221;vc_col-md-6&#8243;][bpt_image_layers interval=&#8221;800&#8243; transition=&#8221;1100&#8243; values=&#8221;%5B%7B%22thumbnail%22%3A%222370%22%2C%22image_animation%22%3A%22zoom_in%22%2C%22image_order%22%3A%221%22%7D%2C%7B%22thumbnail%22%3A%222371%22%2C%22image_animation%22%3A%22slide_big_left%22%2C%22image_order%22%3A%221%22%7D%2C%7B%22thumbnail%22%3A%222372%22%2C%22image_animation%22%3A%22slide_big_left%22%2C%22image_order%22%3A%221%22%7D%2C%7B%22thumbnail%22%3A%222373%22%2C%22image_animation%22%3A%22slide_big_right%22%2C%22image_order%22%3A%221%22%7D%2C%7B%22thumbnail%22%3A%222376%22%2C%22image_animation%22%3A%22slide_big_right%22%2C%22image_order%22%3A%221%22%7D%5D&#8221;][\/vc_column][vc_column offset=&#8221;vc_col-md-6&#8243;][bpt_spacing height=&#8221;44px&#8221;][bpt_spacing height=&#8221;44px&#8221;][bpt_spacing height=&#8221;44px&#8221;][vc_row_inner][vc_column_inner offset=&#8221;vc_col-lg-offset-1 vc_col-lg-11&#8243;][bpt_custom_text css_animation=&#8221;none&#8221; text_color=&#8221;#4f4f4f&#8221; font_size=&#8221;36&#8243; line_height=&#8221;130&#8243;]\n<h2>Wir sind hier, um das beste Kundenerlebnis zu kreieren.<\/h2>\n[\/bpt_custom_text][bpt_spacing height=&#8221;24px&#8221;][bpt_custom_text css_animation=&#8221;none&#8221; text_color=&#8221;#4f4f4f&#8221; font_size=&#8221;20&#8243; line_height=&#8221;170&#8243;]Sie m\u00fcssen sehr genau wissen, mit welchen Tools Sie das Kundenerlebnis verbessern k\u00f6nnen. Das ist nur mit Analyse m\u00f6glich.[\/bpt_custom_text][bpt_spacing height=&#8221;1px&#8221;][vc_column_text css_animation=&#8221;none&#8221;][\/vc_column_text][bpt_spacing height=&#8221;22px&#8221;][\/vc_column_inner][\/vc_row_inner][\/vc_column][\/vc_row][vc_row][vc_column][bpt_spacing height=&#8221;100px&#8221;][\/vc_column][\/vc_row][vc_row full_width=&#8221;stretch_row&#8221; equal_height=&#8221;yes&#8221; content_placement=&#8221;top&#8221; parallax=&#8221;content-moving&#8221; parallax_image=&#8221;2833&#8243;][vc_column][bpt_spacing height=&#8221;65px&#8221;][bpt_custom_text css_animation=&#8221;none&#8221; text_color=&#8221;#ffffff&#8221; font_size=&#8221;40&#8243;]\n<h3>Vorteile<\/h3>\n[\/bpt_custom_text][bpt_spacing height=&#8221;16px&#8221;][bpt_custom_text css_animation=&#8221;none&#8221; text_color=&#8221;#ffffff&#8221; font_size=&#8221;25&#8243; line_height=&#8221;170&#8243;]\n<blockquote>\n<p>Bleiben Sie in Kontakt mit einem einzigen Partner, profitieren Sie von Kosteneinsparungen und steigern Sie Ihren Umsatz. Speech Analytics, Text Analytics, CSAT und vieles mehr\u2026<\/p>\n<\/blockquote>\n[\/bpt_custom_text][bpt_spacing height=&#8221;46px&#8221;][vc_row_inner][vc_column_inner width=&#8221;1\/3&#8243;][bpt_info_box ib_align=&#8221;center&#8221; css_animation=&#8221;bounceIn&#8221; icon_type=&#8221;font&#8221; icon_font_type=&#8221;type_fontawesome&#8221; icon_fontawesome=&#8221;fa fa-thumbs-o-up&#8221; icon_color=&#8221;#ffd13d&#8221; icon_color_hover=&#8221;#ffffff&#8221; title_tag=&#8221;div&#8221; title_size=&#8221;30&#8243; title_color=&#8221;#ffffff&#8221; content_size=&#8221;14&#8243; content_color=&#8221;#cdcdcd&#8221; ib_title=&#8221;Zeit und Geld sparen&#8221; custom_icon_color=&#8221;true&#8221; custom_icon_bg_width=&#8221;90&#8243; custom_icon_bg_height=&#8221;90&#8243; custom_title_color=&#8221;true&#8221; custom_content_color=&#8221;true&#8221; custom_icon_size=&#8221;100&#8243;][vc_empty_space][\/vc_column_inner][vc_column_inner width=&#8221;1\/3&#8243;][bpt_info_box ib_align=&#8221;center&#8221; css_animation=&#8221;bounceIn&#8221; icon_type=&#8221;font&#8221; icon_font_type=&#8221;type_fontawesome&#8221; icon_fontawesome=&#8221;fa fa-money&#8221; icon_color=&#8221;#ffd13d&#8221; icon_color_hover=&#8221;#ffffff&#8221; title_tag=&#8221;div&#8221; title_size=&#8221;30&#8243; title_color=&#8221;#ffffff&#8221; content_size=&#8221;14&#8243; content_color=&#8221;#cdcdcd&#8221; ib_title=&#8221;Kosten senken&#8221; custom_icon_color=&#8221;true&#8221; custom_icon_bg_width=&#8221;90&#8243; custom_icon_bg_height=&#8221;90&#8243; custom_title_color=&#8221;true&#8221; custom_content_color=&#8221;true&#8221; custom_icon_size=&#8221;100&#8243;][vc_empty_space][\/vc_column_inner][vc_column_inner width=&#8221;1\/3&#8243;][bpt_info_box ib_align=&#8221;center&#8221; css_animation=&#8221;bounceIn&#8221; icon_type=&#8221;font&#8221; icon_font_type=&#8221;type_fontawesome&#8221; icon_fontawesome=&#8221;fa fa-plus-circle&#8221; icon_color=&#8221;#ffd13d&#8221; icon_color_hover=&#8221;#ffffff&#8221; title_tag=&#8221;div&#8221; title_size=&#8221;30&#8243; title_color=&#8221;#ffffff&#8221; content_size=&#8221;14&#8243; content_color=&#8221;#cdcdcd&#8221; ib_title=&#8221;Umsatz erh\u00f6hen&#8221; custom_icon_color=&#8221;true&#8221; custom_icon_bg_width=&#8221;90&#8243; custom_icon_bg_height=&#8221;90&#8243; custom_title_color=&#8221;true&#8221; custom_content_color=&#8221;true&#8221; custom_icon_size=&#8221;100&#8243;][\/vc_column_inner][\/vc_row_inner][bpt_spacing height=&#8221;100px&#8221;][\/vc_column][\/vc_row][vc_row][vc_column][bpt_spacing height=&#8221;52px&#8221;][bpt_custom_text text_color=&#8221;#474747&#8243; font_size=&#8221;40&#8243;]\n<h2 style=\"text-align: center;\">Ein gutes Beispiel: \u00a0Speech Analytics<\/h2>\n[\/bpt_custom_text][bpt_spacing height=&#8221;32px&#8221;][bpt_spacing height=&#8221;30px&#8221;][bpt_spacing height=&#8221;30px&#8221;][vc_row_inner][vc_column_inner width=&#8221;1\/4&#8243;][bpt_custom_text text_color=&#8221;#474747&#8243; font_size=&#8221;30&#8243;]\n<h2 style=\"text-align: left;\">Haben Sie die M\u00f6glichkeit, jeden Kommunikationsprozess aus allen Kommunikationskan\u00e4len f\u00fcr Ihr Unternehmen zu \u00fcberpr\u00fcfen und zu bewerten?<\/h2>\n[\/bpt_custom_text][bpt_spacing height=&#8221;55px&#8221;][\/vc_column_inner][vc_column_inner width=&#8221;3\/4&#8243;][bpt_custom_text text_color=&#8221;#474747&#8243; font_size=&#8221;25&#8243;]\n<p style=\"text-align: left;\">Nun kann die Kundenerfahrung anhand von Zahlen gemessen werden und l\u00e4sst keinen Raum f\u00fcr Interpretationen.<\/p>\n[\/bpt_custom_text][bpt_spacing height=&#8221;30px&#8221;][bpt_custom_text text_color=&#8221;#4f4f4f&#8221; font_size=&#8221;23&#8243;]Mit Speech Analytics haben wir die Kommunikationsprozesse unseres Kunden, eines der f\u00fchrenden Unternehmen der Automobilindustrie, analysiert und als Ergebnis dieser Analyse ein spezielles Wort entdeckt, das den NPS Wert reduzierte. Mit dieser Entdeckung haben wir neue Wege zur Kommunikation gefunden, ohne dieses spezielle Wort in der Interaktion mit dem Kunden einzusetzen.[\/bpt_custom_text][\/vc_column_inner][\/vc_row_inner][vc_row_inner][vc_column_inner width=&#8221;1\/3&#8243;][\/vc_column_inner][vc_column_inner width=&#8221;1\/3&#8243;][bpt_custom_text text_color=&#8221;#4f4f4f&#8221; font_size=&#8221;30&#8243;]\n<h1 style=\"text-align: center;\">Als Ergebnis;<\/h1>\n[\/bpt_custom_text][bpt_spacing height=&#8221;50px&#8221;][vc_line_chart legend=&#8221;&#8221; x_values=&#8221;derzeitiges NPS; +NPS&#8221; values=&#8221;%5B%7B%22title%22%3A%22Total%20NPS%22%2C%22y_values%22%3A%22100%3B%2030%22%2C%22color%22%3A%22green%22%7D%5D&#8221;][\/vc_column_inner][vc_column_inner width=&#8221;1\/3&#8243;][\/vc_column_inner][\/vc_row_inner][vc_row_inner][vc_column_inner width=&#8221;1\/4&#8243;][\/vc_column_inner][vc_column_inner width=&#8221;1\/2&#8243;][bpt_custom_text text_color=&#8221;#4f4f4f&#8221; font_size=&#8221;30&#8243;]\n<h1 style=\"text-align: center;\">Der NPS Wert stieg nach dieser neuen Anpassung um 30%.<\/h1>\n[\/bpt_custom_text][bpt_spacing height=&#8221;50px&#8221;][\/vc_column_inner][vc_column_inner width=&#8221;1\/4&#8243;][\/vc_column_inner][\/vc_row_inner][\/vc_column][\/vc_row]\n","protected":false},"excerpt":{"rendered":"<p>[vc_row css=&#8221;.vc_custom_1525264435845{margin-top: -40px !important;}&#8221;][vc_column][rev_slider_vc alias=&#8221;pro-cx&#8221;][\/vc_column][\/vc_row][vc_row][vc_column][bpt_spacing height=&#8221;50px&#8221;][\/vc_column][\/vc_row][vc_row][vc_column offset=&#8221;vc_col-md-6&#8243;][bpt_image_layers interval=&#8221;800&#8243; transition=&#8221;1100&#8243; values=&#8221;%5B%7B%22thumbnail%22%3A%222370%22%2C%22image_animation%22%3A%22zoom_in%22%2C%22image_order%22%3A%221%22%7D%2C%7B%22thumbnail%22%3A%222371%22%2C%22image_animation%22%3A%22slide_big_left%22%2C%22image_order%22%3A%221%22%7D%2C%7B%22thumbnail%22%3A%222372%22%2C%22image_animation%22%3A%22slide_big_left%22%2C%22image_order%22%3A%221%22%7D%2C%7B%22thumbnail%22%3A%222373%22%2C%22image_animation%22%3A%22slide_big_right%22%2C%22image_order%22%3A%221%22%7D%2C%7B%22thumbnail%22%3A%222376%22%2C%22image_animation%22%3A%22slide_big_right%22%2C%22image_order%22%3A%221%22%7D%5D&#8221;][\/vc_column][vc_column offset=&#8221;vc_col-md-6&#8243;][bpt_spacing height=&#8221;44px&#8221;][bpt_spacing height=&#8221;44px&#8221;][bpt_spacing height=&#8221;44px&#8221;][vc_row_inner][vc_column_inner offset=&#8221;vc_col-lg-offset-1 vc_col-lg-11&#8243;][bpt_custom_text css_animation=&#8221;none&#8221; text_color=&#8221;#4f4f4f&#8221; font_size=&#8221;36&#8243; line_height=&#8221;130&#8243;] Wir sind hier, um das beste Kundenerlebnis zu kreieren. [\/bpt_custom_text][bpt_spacing height=&#8221;24px&#8221;][bpt_custom_text css_animation=&#8221;none&#8221; text_color=&#8221;#4f4f4f&#8221; font_size=&#8221;20&#8243; line_height=&#8221;170&#8243;]Sie m\u00fcssen sehr genau wissen, mit welchen Tools Sie das Kundenerlebnis verbessern k\u00f6nnen. Das ist nur mit Analyse m\u00f6glich.[\/bpt_custom_text][bpt_spacing height=&#8221;1px&#8221;][vc_column_text css_animation=&#8221;none&#8221;][\/vc_column_text][bpt_spacing [&hellip;]<\/p>\n","protected":false},"author":1,"featured_media":0,"parent":0,"menu_order":0,"comment_status":"closed","ping_status":"closed","template":"","meta":{"footnotes":""},"class_list":["post-2365","page","type-page","status-publish","hentry"],"aioseo_notices":[],"_links":{"self":[{"href":"https:\/\/procatint.com\/de\/index.php?rest_route=\/wp\/v2\/pages\/2365","targetHints":{"allow":["GET"]}}],"collection":[{"href":"https:\/\/procatint.com\/de\/index.php?rest_route=\/wp\/v2\/pages"}],"about":[{"href":"https:\/\/procatint.com\/de\/index.php?rest_route=\/wp\/v2\/types\/page"}],"author":[{"embeddable":true,"href":"https:\/\/procatint.com\/de\/index.php?rest_route=\/wp\/v2\/users\/1"}],"replies":[{"embeddable":true,"href":"https:\/\/procatint.com\/de\/index.php?rest_route=%2Fwp%2Fv2%2Fcomments&post=2365"}],"version-history":[{"count":23,"href":"https:\/\/procatint.com\/de\/index.php?rest_route=\/wp\/v2\/pages\/2365\/revisions"}],"predecessor-version":[{"id":3101,"href":"https:\/\/procatint.com\/de\/index.php?rest_route=\/wp\/v2\/pages\/2365\/revisions\/3101"}],"wp:attachment":[{"href":"https:\/\/procatint.com\/de\/index.php?rest_route=%2Fwp%2Fv2%2Fmedia&parent=2365"}],"curies":[{"name":"wp","href":"https:\/\/api.w.org\/{rel}","templated":true}]}}