{"id":2511,"date":"2018-10-19T10:41:16","date_gmt":"2018-10-19T07:41:16","guid":{"rendered":"http:\/\/procatint.com\/?page_id=2511"},"modified":"2019-04-16T16:43:10","modified_gmt":"2019-04-16T13:43:10","slug":"speech","status":"publish","type":"page","link":"https:\/\/procatint.com\/de\/?page_id=2511","title":{"rendered":"Speech"},"content":{"rendered":"[vc_row css=&#8221;.vc_custom_1525264435845{margin-top: -40px !important;}&#8221;][vc_column][rev_slider_vc alias=&#8221;speech&#8221;][\/vc_column][\/vc_row][vc_row][vc_column width=&#8221;1\/2&#8243;][bpt_spacing height=&#8221;50px&#8221;][bpt_image_layers values=&#8221;%5B%7B%22thumbnail%22%3A%222544%22%2C%22image_animation%22%3A%22slide_big_up%22%2C%22image_order%22%3A%221%22%7D%2C%7B%22thumbnail%22%3A%222627%22%2C%22image_animation%22%3A%22zoom_in%22%2C%22image_order%22%3A%221%22%7D%5D&#8221;][\/vc_column][vc_column width=&#8221;1\/2&#8243;][vc_row_inner][vc_column_inner offset=&#8221;vc_col-lg-offset-1 vc_col-lg-11&#8243;][bpt_spacing height=&#8221;100px&#8221;][bpt_spacing height=&#8221;100px&#8221;][bpt_custom_text css_animation=&#8221;none&#8221; text_color=&#8221;#4f4f4f&#8221; font_size=&#8221;25&#8243; line_height=&#8221;130&#8243;]\n<h2 style=\"text-align: left;\"><span>Mit unserem erfahrenen Team entwickeln und implementieren wir fortschrittliche Sprachtechnologien. <\/span><\/h2>\n[\/bpt_custom_text][bpt_spacing height=&#8221;24px&#8221;][bpt_custom_text css_animation=&#8221;none&#8221; text_color=&#8221;#4f4f4f&#8221; font_size=&#8221;18&#8243; line_height=&#8221;130&#8243;]<span>Komplexe und langwierige Men\u00fcs, irrelevante Informationen und verwirrende Anweisungen f\u00fchren zu einer frustrierenden Kundenerfahrung.<\/span>[\/bpt_custom_text][bpt_spacing height=&#8221;5px&#8221;][bpt_spacing height=&#8221;5px&#8221;][bpt_spacing height=&#8221;22px&#8221;][bpt_custom_text css_animation=&#8221;none&#8221; text_color=&#8221;#4f4f4f&#8221; font_size=&#8221;18&#8243; line_height=&#8221;130&#8243;]<span>Wir konzipieren und implementieren fortschrittliche Sprachtechnologie und erzielen damit zufriedenes Kundenerlebnis mit Kostenvorteilen. Mit diesen Projekten m\u00f6chten wir unseren Partnern helfen, h\u00f6chste Effizienz und Qualit\u00e4t zu erreichen.<\/span>[\/bpt_custom_text][\/vc_column_inner][\/vc_row_inner][\/vc_column][\/vc_row][vc_row][vc_column][bpt_spacing height=&#8221;50px&#8221;][\/vc_column][\/vc_row][vc_row full_width=&#8221;stretch_row&#8221; parallax=&#8221;content-moving&#8221; parallax_image=&#8221;2833&#8243;][vc_column][bpt_spacing height=&#8221;65px&#8221;][bpt_custom_text css_animation=&#8221;none&#8221; text_color=&#8221;#ffffff&#8221; font_size=&#8221;40&#8243;]\n<h3><span>Unser Ziel ist es, Ihre Kundenzufriedenheit zu steigern und gleichzeitig Ihre Kosten zu senken.<\/span><\/h3>\n[\/bpt_custom_text][bpt_spacing height=&#8221;35px&#8221;][bpt_custom_text css_animation=&#8221;none&#8221; text_color=&#8221;#ffffff&#8221; font_size=&#8221;25&#8243; line_height=&#8221;170&#8243;]<span>Bieten Sie Ihren Kunden eine schnelle und einfache Art der Kommunikation an und sorgen gleichzeitig f\u00fcr eine m\u00fchelose Erfahrung, die die Kundenzufriedenheit und -bindung erh\u00f6ht.<\/span>[\/bpt_custom_text][bpt_spacing height=&#8221;16px&#8221;][bpt_spacing height=&#8221;35px&#8221;][vc_row_inner][vc_column_inner width=&#8221;1\/3&#8243;][bpt_info_box ib_layout=&#8221;left&#8221; css_animation=&#8221;bounceIn&#8221; icon_type=&#8221;font&#8221; icon_font_type=&#8221;type_flaticon&#8221; icon_flaticon=&#8221;flaticon-graphic-1&#8243; icon_color=&#8221;#ffd13d&#8221; icon_color_hover=&#8221;#ffffff&#8221; title_tag=&#8221;div&#8221; title_size=&#8221;22&#8243; title_color=&#8221;#ffffff&#8221; content_size=&#8221;14&#8243; content_color=&#8221;#cdcdcd&#8221; ib_title=&#8221;Automatisierungsrate erh\u00f6hen&#8221; custom_icon_color=&#8221;true&#8221; custom_icon_bg_width=&#8221;40&#8243; custom_icon_bg_height=&#8221;40&#8243; custom_title_color=&#8221;true&#8221; custom_content_color=&#8221;true&#8221; custom_icon_size=&#8221;60&#8243;][vc_empty_space][\/vc_column_inner][vc_column_inner width=&#8221;1\/3&#8243;][bpt_info_box ib_layout=&#8221;left&#8221; css_animation=&#8221;bounceIn&#8221; icon_type=&#8221;font&#8221; icon_font_type=&#8221;type_fontawesome&#8221; icon_fontawesome=&#8221;fa fa-phone&#8221; icon_color=&#8221;#ffd13d&#8221; icon_color_hover=&#8221;#ffffff&#8221; title_tag=&#8221;div&#8221; title_size=&#8221;22&#8243; title_color=&#8221;#ffffff&#8221; content_size=&#8221;14&#8243; content_color=&#8221;#cdcdcd&#8221; ib_title=&#8221;Anrufzeiten verk\u00fcrzen&#8221; custom_icon_color=&#8221;true&#8221; custom_icon_bg_width=&#8221;40&#8243; custom_icon_bg_height=&#8221;40&#8243; custom_title_color=&#8221;true&#8221; custom_content_color=&#8221;true&#8221; custom_icon_size=&#8221;60&#8243;][vc_empty_space][\/vc_column_inner][vc_column_inner width=&#8221;1\/3&#8243;][bpt_info_box ib_layout=&#8221;left&#8221; css_animation=&#8221;bounceIn&#8221; icon_type=&#8221;font&#8221; icon_font_type=&#8221;type_fontawesome&#8221; icon_fontawesome=&#8221;fa fa-flag&#8221; icon_color=&#8221;#ffd13d&#8221; icon_color_hover=&#8221;#ffffff&#8221; title_tag=&#8221;div&#8221; title_size=&#8221;22&#8243; title_color=&#8221;#ffffff&#8221; content_size=&#8221;14&#8243; content_color=&#8221;#cdcdcd&#8221; ib_title=&#8221;Transaktionsabschlussrate erh\u00f6hen&#8221; custom_icon_color=&#8221;true&#8221; custom_icon_bg_width=&#8221;40&#8243; custom_icon_bg_height=&#8221;40&#8243; custom_title_color=&#8221;true&#8221; custom_content_color=&#8221;true&#8221; custom_icon_size=&#8221;60&#8243;][vc_empty_space][\/vc_column_inner][\/vc_row_inner][vc_row_inner][vc_column_inner width=&#8221;1\/3&#8243;][bpt_info_box ib_layout=&#8221;left&#8221; css_animation=&#8221;bounceIn&#8221; icon_type=&#8221;font&#8221; icon_font_type=&#8221;type_fontawesome&#8221; icon_fontawesome=&#8221;fa fa-hand-paper-o&#8221; icon_color=&#8221;#ffd13d&#8221; icon_color_hover=&#8221;#ffffff&#8221; title_tag=&#8221;div&#8221; title_size=&#8221;22&#8243; title_color=&#8221;#ffffff&#8221; content_size=&#8221;14&#8243; content_color=&#8221;#cdcdcd&#8221; ib_title=&#8221;Einfache Bedienung&#8221; custom_icon_color=&#8221;true&#8221; custom_icon_bg_width=&#8221;40&#8243; custom_icon_bg_height=&#8221;40&#8243; custom_title_color=&#8221;true&#8221; custom_content_color=&#8221;true&#8221; custom_icon_size=&#8221;60&#8243;][vc_empty_space][\/vc_column_inner][vc_column_inner width=&#8221;1\/3&#8243;][bpt_info_box ib_layout=&#8221;left&#8221; css_animation=&#8221;bounceIn&#8221; icon_type=&#8221;font&#8221; icon_font_type=&#8221;type_fontawesome&#8221; icon_fontawesome=&#8221;fa fa-smile-o&#8221; icon_color=&#8221;#ffd13d&#8221; icon_color_hover=&#8221;#ffffff&#8221; title_tag=&#8221;div&#8221; title_size=&#8221;22&#8243; title_color=&#8221;#ffffff&#8221; content_size=&#8221;14&#8243; content_color=&#8221;#cdcdcd&#8221; ib_title=&#8221;Kundenzufriedenheit und -bindung erh\u00f6hen&#8221; custom_icon_color=&#8221;true&#8221; custom_icon_bg_width=&#8221;40&#8243; custom_icon_bg_height=&#8221;40&#8243; custom_title_color=&#8221;true&#8221; custom_content_color=&#8221;true&#8221; custom_icon_size=&#8221;60&#8243;][vc_empty_space][\/vc_column_inner][vc_column_inner width=&#8221;1\/3&#8243;][\/vc_column_inner][\/vc_row_inner][bpt_spacing height=&#8221;62px&#8221;][\/vc_column][\/vc_row][vc_row][vc_column][bpt_spacing height=&#8221;52px&#8221;][bpt_custom_text css_animation=&#8221;none&#8221; text_color=&#8221;#4f4f4f&#8221; font_size=&#8221;36&#8243;]\n<h3 style=\"text-align: center;\"><span>Fortschrittliche Sprachl\u00f6sungen<\/span><\/h3>\n[\/bpt_custom_text][bpt_spacing height=&#8221;25px&#8221;][bpt_custom_text css_animation=&#8221;none&#8221; text_color=&#8221;#4f4f4f&#8221; font_size=&#8221;20&#8243; line_height=&#8221;170&#8243;]\n<p style=\"text-align: center;\"><span>Bei diesen Technologien handelt es sich um Spitzen-Sprachtechnologien, die es einer Person erm\u00f6glichen, mit einem Computer durch Sprache zu interagieren. Wenn der Benutzer das Callcenter anruft, kann er auf nat\u00fcrliche Weise sprechen, anstatt die Telefontastatur zu verwenden, um Aktionen auszuf\u00fchren.<\/span><\/p>\n[\/bpt_custom_text][bpt_spacing height=&#8221;52px&#8221;][vc_separator style=&#8221;shadow&#8221;][bpt_spacing height=&#8221;52px&#8221;][vc_row_inner][vc_column_inner width=&#8221;1\/3&#8243;][bpt_flip_box front_bg_style=&#8221;front_image&#8221; back_bg_color=&#8221;#4c4c4c&#8221; front_bg_image=&#8221;2552&#8243; back_title=&#8221;Call Steering&#8221; back_content=&#8221;Nat\u00fcrliches Sprachverst\u00e4ndnis, dialogorientiert, offene Fragen, keine IVR-Men\u00fcs.&#8221; front_title=&#8221;Call Steering&#8221;][bpt_spacing height=&#8221;40px&#8221;][\/vc_column_inner][vc_column_inner width=&#8221;1\/3&#8243;][bpt_flip_box fb_dir=&#8221;flip_top&#8221; front_bg_style=&#8221;front_image&#8221; back_bg_color=&#8221;#4c4c4c&#8221; front_bg_image=&#8221;2553&#8243; front_title=&#8221;Automated Speech Recognition&#8221; back_title=&#8221;Automated Speech Recognition&#8221; back_content=&#8221;geschlossene Fragen, men\u00fcbasierte Systeme.&#8221;][bpt_spacing height=&#8221;40px&#8221;][\/vc_column_inner][vc_column_inner width=&#8221;1\/3&#8243;][bpt_flip_box fb_dir=&#8221;flip_left&#8221; front_bg_style=&#8221;front_image&#8221; back_bg_color=&#8221;#4c4c4c&#8221; front_bg_image=&#8221;2556&#8243; front_title=&#8221;Vocal Password&#8221; back_title=&#8221;Vocal Password&#8221; back_content=&#8221;Sprachbiometrische.&#8221;][bpt_spacing height=&#8221;40px&#8221;][\/vc_column_inner][\/vc_row_inner][vc_row_inner][vc_column_inner width=&#8221;1\/3&#8243;][bpt_flip_box front_bg_style=&#8221;front_image&#8221; back_bg_color=&#8221;#4c4c4c&#8221; front_bg_image=&#8221;2555&#8243; front_title=&#8221;Text-to-Speech&#8221; back_title=&#8221;Text-to-Speech&#8221; back_content=&#8221;Konvertieren Sie Text in menschliche Sprache.&#8221;][bpt_spacing height=&#8221;40px&#8221;][\/vc_column_inner][vc_column_inner width=&#8221;1\/3&#8243;][bpt_flip_box fb_dir=&#8221;flip_bottom&#8221; front_bg_style=&#8221;front_image&#8221; back_bg_color=&#8221;#4c4c4c&#8221; front_bg_image=&#8221;2554&#8243; front_title=&#8221;Natural Language Understanding&#8221; back_title=&#8221;Natural Language Understanding&#8221; back_content=&#8221;nat\u00fcrliche Spracherkennungstechnologie, die in das Mobiltelefon integriert werden kann.&#8221;][\/vc_column_inner][vc_column_inner width=&#8221;1\/3&#8243;][\/vc_column_inner][\/vc_row_inner][\/vc_column][\/vc_row][vc_row][vc_column][bpt_spacing height=&#8221;52px&#8221;][bpt_spacing height=&#8221;52px&#8221;][vc_separator style=&#8221;shadow&#8221;][bpt_spacing height=&#8221;52px&#8221;][bpt_spacing height=&#8221;52px&#8221;][\/vc_column][\/vc_row][vc_row full_width=&#8221;stretch_row&#8221; full_height=&#8221;yes&#8221; content_placement=&#8221;middle&#8221; css_animation=&#8221;appear&#8221; css=&#8221;.vc_custom_1540210974193{background-image: url(http:\/\/procatint.com\/wp-content\/uploads\/2018\/10\/Speechawardsbg.jpg?id=2528) !important;}&#8221;][vc_column][vc_custom_heading text=&#8221;Preisgekr\u00f6nte Projekte&#8221; font_container=&#8221;tag:h2|text_align:center|color:%23ffffff&#8221; use_theme_fonts=&#8221;yes&#8221;][bpt_spacing height=&#8221;52px&#8221;][vc_row_inner content_placement=&#8221;middle&#8221;][vc_column_inner width=&#8221;1\/3&#8243;][bpt_info_box ib_align=&#8221;center&#8221; icon_type=&#8221;image&#8221; thumbnail=&#8221;2529&#8243; title_size=&#8221;35&#8243; title_color=&#8221;#ffffff&#8221; custom_icon_bg_width=&#8221;200&#8243; custom_icon_bg_height=&#8221;200&#8243; ib_title=&#8221;Call Steering&#8221; custom_title_color=&#8221;true&#8221;][bpt_custom_text text_color=&#8221;#ffffff&#8221; font_size=&#8221;18&#8243;]\n<p style=\"text-align: center;\"><b>Bronze Stevie award:\u00a0<\/b><\/p>\n<ul>\n<li style=\"text-align: center;\">&#8220;IVR or Web Service Solution&#8221; 2015<\/li>\n<li style=\"text-align: center;\">&#8220;The Best Use of Technology in Customer Service&#8221; 2015-2016<\/li>\n<li style=\"text-align: center;\"><b>Silver Stevie<\/b> <b>award<\/b><b>:\u00a0<\/b>\u201cIVR or Web Service Solution\u201d, 2017<\/li>\n<\/ul>\n[\/bpt_custom_text][vc_empty_space][\/vc_column_inner][vc_column_inner width=&#8221;1\/3&#8243;][bpt_info_box ib_align=&#8221;center&#8221; icon_type=&#8221;image&#8221; thumbnail=&#8221;2529&#8243; title_size=&#8221;35&#8243; title_color=&#8221;#ffffff&#8221; custom_icon_bg_width=&#8221;200&#8243; custom_icon_bg_height=&#8221;200&#8243; ib_title=&#8221;NLU&#8221; custom_title_color=&#8221;true&#8221;][bpt_custom_text text_color=&#8221;#ffffff&#8221; font_size=&#8221;18&#8243;]\n<ul>\n<li style=\"text-align: center;\">The first Mobile Voice Assistant Project in Europe<\/li>\n<li>\n<p style=\"text-align: center;\">The Most Advanced Nina Grammar in the world<\/p>\n<\/li>\n<li>\n<p style=\"text-align: center;\">Silver Prize and 2017 Special Prize at the EFMA SME Banking Applications competition.<\/p>\n<\/li>\n<\/ul>\n[\/bpt_custom_text][vc_empty_space][\/vc_column_inner][vc_column_inner width=&#8221;1\/3&#8243;][bpt_info_box ib_align=&#8221;center&#8221; icon_type=&#8221;image&#8221; thumbnail=&#8221;2529&#8243; title_size=&#8221;35&#8243; title_color=&#8221;#ffffff&#8221; custom_icon_bg_width=&#8221;200&#8243; custom_icon_bg_height=&#8221;200&#8243; ib_title=&#8221;Voice Verification&#8221; custom_title_color=&#8221;true&#8221;][bpt_custom_text text_color=&#8221;#ffffff&#8221; font_size=&#8221;18&#8243;]\n<ul>\n<li style=\"text-align: center;\">World\u2019s #1 in Voice Verification Technology (15+ million voiceprints)<\/li>\n<li style=\"text-align: center;\"><b>IMI Awards:\u00a0<\/b>Best Call Center Technology Solution<\/li>\n<li style=\"text-align: center;\"><b>Global Mobile Awards Finalist:\u00a0<\/b>Best Mobile Technology<\/li>\n<\/ul>\n[\/bpt_custom_text][vc_empty_space][\/vc_column_inner][\/vc_row_inner][\/vc_column][\/vc_row]\n","protected":false},"excerpt":{"rendered":"<p>[vc_row css=&#8221;.vc_custom_1525264435845{margin-top: -40px !important;}&#8221;][vc_column][rev_slider_vc alias=&#8221;speech&#8221;][\/vc_column][\/vc_row][vc_row][vc_column width=&#8221;1\/2&#8243;][bpt_spacing height=&#8221;50px&#8221;][bpt_image_layers values=&#8221;%5B%7B%22thumbnail%22%3A%222544%22%2C%22image_animation%22%3A%22slide_big_up%22%2C%22image_order%22%3A%221%22%7D%2C%7B%22thumbnail%22%3A%222627%22%2C%22image_animation%22%3A%22zoom_in%22%2C%22image_order%22%3A%221%22%7D%5D&#8221;][\/vc_column][vc_column width=&#8221;1\/2&#8243;][vc_row_inner][vc_column_inner offset=&#8221;vc_col-lg-offset-1 vc_col-lg-11&#8243;][bpt_spacing height=&#8221;100px&#8221;][bpt_spacing height=&#8221;100px&#8221;][bpt_custom_text css_animation=&#8221;none&#8221; text_color=&#8221;#4f4f4f&#8221; font_size=&#8221;25&#8243; line_height=&#8221;130&#8243;] Mit unserem erfahrenen Team entwickeln und implementieren wir fortschrittliche Sprachtechnologien. [\/bpt_custom_text][bpt_spacing height=&#8221;24px&#8221;][bpt_custom_text css_animation=&#8221;none&#8221; text_color=&#8221;#4f4f4f&#8221; font_size=&#8221;18&#8243; line_height=&#8221;130&#8243;]Komplexe und langwierige Men\u00fcs, irrelevante Informationen und verwirrende Anweisungen f\u00fchren zu einer frustrierenden Kundenerfahrung.[\/bpt_custom_text][bpt_spacing height=&#8221;5px&#8221;][bpt_spacing height=&#8221;5px&#8221;][bpt_spacing height=&#8221;22px&#8221;][bpt_custom_text css_animation=&#8221;none&#8221; text_color=&#8221;#4f4f4f&#8221; font_size=&#8221;18&#8243; line_height=&#8221;130&#8243;]Wir konzipieren und [&hellip;]<\/p>\n","protected":false},"author":1,"featured_media":0,"parent":0,"menu_order":0,"comment_status":"closed","ping_status":"closed","template":"","meta":{"footnotes":""},"class_list":["post-2511","page","type-page","status-publish","hentry"],"aioseo_notices":[],"_links":{"self":[{"href":"https:\/\/procatint.com\/de\/index.php?rest_route=\/wp\/v2\/pages\/2511","targetHints":{"allow":["GET"]}}],"collection":[{"href":"https:\/\/procatint.com\/de\/index.php?rest_route=\/wp\/v2\/pages"}],"about":[{"href":"https:\/\/procatint.com\/de\/index.php?rest_route=\/wp\/v2\/types\/page"}],"author":[{"embeddable":true,"href":"https:\/\/procatint.com\/de\/index.php?rest_route=\/wp\/v2\/users\/1"}],"replies":[{"embeddable":true,"href":"https:\/\/procatint.com\/de\/index.php?rest_route=%2Fwp%2Fv2%2Fcomments&post=2511"}],"version-history":[{"count":54,"href":"https:\/\/procatint.com\/de\/index.php?rest_route=\/wp\/v2\/pages\/2511\/revisions"}],"predecessor-version":[{"id":3133,"href":"https:\/\/procatint.com\/de\/index.php?rest_route=\/wp\/v2\/pages\/2511\/revisions\/3133"}],"wp:attachment":[{"href":"https:\/\/procatint.com\/de\/index.php?rest_route=%2Fwp%2Fv2%2Fmedia&parent=2511"}],"curies":[{"name":"wp","href":"https:\/\/api.w.org\/{rel}","templated":true}]}}