{"id":2563,"date":"2018-10-22T16:53:37","date_gmt":"2018-10-22T13:53:37","guid":{"rendered":"http:\/\/procatint.com\/?page_id=2563"},"modified":"2019-04-16T16:12:28","modified_gmt":"2019-04-16T13:12:28","slug":"analytix","status":"publish","type":"page","link":"https:\/\/procatint.com\/de\/?page_id=2563","title":{"rendered":"Analytix"},"content":{"rendered":"[vc_row css=&#8221;.vc_custom_1525264435845{margin-top: -40px !important;}&#8221;][vc_column][rev_slider_vc alias=&#8221;pro-collect&#8221;][\/vc_column][\/vc_row][vc_row][vc_column width=&#8221;1\/2&#8243;][bpt_spacing height=&#8221;95px&#8221;][bpt_spacing height=&#8221;55px&#8221;][bpt_image_layers values=&#8221;%5B%7B%22thumbnail%22%3A%223073%22%2C%22image_animation%22%3A%22slide_down%22%2C%22image_order%22%3A%221%22%7D%2C%7B%22thumbnail%22%3A%223074%22%2C%22image_animation%22%3A%22slide_down%22%2C%22image_order%22%3A%221%22%7D%2C%7B%22thumbnail%22%3A%223075%22%2C%22image_animation%22%3A%22slide_down%22%2C%22image_order%22%3A%221%22%7D%2C%7B%22thumbnail%22%3A%223076%22%2C%22image_animation%22%3A%22slide_down%22%2C%22image_order%22%3A%221%22%7D%2C%7B%22thumbnail%22%3A%223077%22%2C%22image_animation%22%3A%22slide_down%22%2C%22image_order%22%3A%221%22%7D%5D&#8221;][\/vc_column][vc_column width=&#8221;1\/2&#8243;][vc_row_inner][vc_column_inner offset=&#8221;vc_col-lg-offset-1 vc_col-lg-11&#8243;][bpt_spacing height=&#8221;150px&#8221;][bpt_custom_text css_animation=&#8221;none&#8221; text_color=&#8221;#4f4f4f&#8221; font_size=&#8221;25&#8243; line_height=&#8221;130&#8243;]\n<h2 style=\"text-align: left;\">St\u00e4rken Sie Ihr Unternehmen, indem Sie Ihre Kundeninteraktionen analysieren.<\/h2>\n[\/bpt_custom_text][bpt_spacing height=&#8221;24px&#8221;][bpt_spacing height=&#8221;5px&#8221;][bpt_custom_text css_animation=&#8221;none&#8221; text_color=&#8221;#4f4f4f&#8221; font_size=&#8221;18&#8243; line_height=&#8221;130&#8243;]Messen Sie durch Analyse der Kundeninteraktionen die Leistung Ihres Kundenvertreters und interpretieren Sie die Trends und Erwartungen Ihrer Kunden.[\/bpt_custom_text][bpt_spacing height=&#8221;100px&#8221;][bpt_spacing height=&#8221;22px&#8221;][\/vc_column_inner][\/vc_row_inner][\/vc_column][\/vc_row][vc_row][vc_column][bpt_spacing height=&#8221;50px&#8221;][\/vc_column][\/vc_row][vc_row full_width=&#8221;stretch_row&#8221; parallax=&#8221;content-moving&#8221; parallax_image=&#8221;2833&#8243;][vc_column][bpt_spacing height=&#8221;65px&#8221;][bpt_custom_text css_animation=&#8221;none&#8221; text_color=&#8221;#ffffff&#8221; font_size=&#8221;35&#8243;]\n<h3>Untersuchen Sie die Daten und lernen Sie die Einsicht Ihrer Kunden.<\/h3>\n[\/bpt_custom_text][bpt_spacing height=&#8221;35px&#8221;][bpt_custom_text css_animation=&#8221;none&#8221; text_color=&#8221;#ffffff&#8221; font_size=&#8221;25&#8243;]H\u00f6ren Sie Ihren Kunden zu. Der beste Weg, sie zu verstehen ist, die Analyse der Gespr\u00e4che.[\/bpt_custom_text][bpt_spacing height=&#8221;16px&#8221;][bpt_spacing height=&#8221;35px&#8221;][vc_row_inner][vc_column_inner width=&#8221;1\/3&#8243;][bpt_info_box ib_layout=&#8221;left&#8221; css_animation=&#8221;bounceIn&#8221; icon_type=&#8221;font&#8221; icon_font_type=&#8221;type_fontawesome&#8221; icon_fontawesome=&#8221;fa fa-search&#8221; icon_color=&#8221;#ffd13d&#8221; icon_color_hover=&#8221;#ffffff&#8221; title_tag=&#8221;div&#8221; title_size=&#8221;22&#8243; title_color=&#8221;#ffffff&#8221; content_size=&#8221;14&#8243; content_color=&#8221;#cdcdcd&#8221; ib_title=&#8221;Verlieren Sie sich nicht zwischen den Gespr\u00e4chsaufzeichnungen&#8221; custom_icon_color=&#8221;true&#8221; custom_icon_bg_width=&#8221;40&#8243; custom_icon_bg_height=&#8221;40&#8243; custom_title_color=&#8221;true&#8221; custom_content_color=&#8221;true&#8221; custom_icon_size=&#8221;60&#8243;][bpt_spacing height=&#8221;32px&#8221;][\/vc_column_inner][vc_column_inner width=&#8221;1\/3&#8243;][bpt_info_box ib_layout=&#8221;left&#8221; css_animation=&#8221;bounceIn&#8221; icon_type=&#8221;font&#8221; icon_font_type=&#8221;type_fontawesome&#8221; icon_fontawesome=&#8221;fa fa-font&#8221; icon_color=&#8221;#ffd13d&#8221; icon_color_hover=&#8221;#ffffff&#8221; title_tag=&#8221;div&#8221; title_size=&#8221;22&#8243; title_color=&#8221;#ffffff&#8221; content_size=&#8221;14&#8243; content_color=&#8221;#cdcdcd&#8221; ib_title=&#8221;Erzielen Sie 90% Erfolg beim Konvertieren von Audio in Text&#8221; custom_icon_color=&#8221;true&#8221; custom_icon_bg_width=&#8221;40&#8243; custom_icon_bg_height=&#8221;40&#8243; custom_title_color=&#8221;true&#8221; custom_content_color=&#8221;true&#8221; custom_icon_size=&#8221;60&#8243;][bpt_spacing height=&#8221;32px&#8221;][\/vc_column_inner][vc_column_inner width=&#8221;1\/3&#8243;][bpt_info_box ib_layout=&#8221;left&#8221; css_animation=&#8221;bounceIn&#8221; icon_type=&#8221;font&#8221; icon_font_type=&#8221;type_flaticon&#8221; icon_flaticon=&#8221;flaticon-graphic-1&#8243; icon_color=&#8221;#ffd13d&#8221; icon_color_hover=&#8221;#ffffff&#8221; title_tag=&#8221;div&#8221; title_size=&#8221;22&#8243; title_color=&#8221;#ffffff&#8221; content_size=&#8221;14&#8243; content_color=&#8221;#cdcdcd&#8221; ib_title=&#8221;Messen Sie die Leistung Ihrer Kundenvertreter&#8221; custom_icon_color=&#8221;true&#8221; custom_icon_bg_width=&#8221;40&#8243; custom_icon_bg_height=&#8221;40&#8243; custom_title_color=&#8221;true&#8221; custom_content_color=&#8221;true&#8221; custom_icon_size=&#8221;60&#8243;][bpt_spacing height=&#8221;32px&#8221;][\/vc_column_inner][\/vc_row_inner][vc_row_inner][vc_column_inner width=&#8221;1\/3&#8243;][bpt_info_box ib_layout=&#8221;left&#8221; css_animation=&#8221;bounceIn&#8221; icon_type=&#8221;font&#8221; icon_font_type=&#8221;type_flaticon&#8221; icon_flaticon=&#8221;flaticon-fashion&#8221; icon_color=&#8221;#ffd13d&#8221; icon_color_hover=&#8221;#ffffff&#8221; title_tag=&#8221;div&#8221; title_size=&#8221;22&#8243; title_color=&#8221;#ffffff&#8221; content_size=&#8221;14&#8243; content_color=&#8221;#cdcdcd&#8221; ib_title=&#8221;Verbessern Sie das Kundenerlebnis&#8221; custom_icon_color=&#8221;true&#8221; custom_icon_bg_width=&#8221;40&#8243; custom_icon_bg_height=&#8221;40&#8243; custom_title_color=&#8221;true&#8221; custom_content_color=&#8221;true&#8221; custom_icon_size=&#8221;60&#8243;][bpt_spacing height=&#8221;32px&#8221;][\/vc_column_inner][vc_column_inner width=&#8221;1\/3&#8243;][bpt_info_box ib_layout=&#8221;left&#8221; css_animation=&#8221;bounceIn&#8221; icon_type=&#8221;font&#8221; icon_font_type=&#8221;type_flaticon&#8221; icon_flaticon=&#8221;flaticon-education&#8221; icon_color=&#8221;#ffd13d&#8221; icon_color_hover=&#8221;#ffffff&#8221; title_tag=&#8221;div&#8221; title_size=&#8221;22&#8243; title_color=&#8221;#ffffff&#8221; content_size=&#8221;14&#8243; content_color=&#8221;#cdcdcd&#8221; ib_title=&#8221;St\u00e4rken Sie Ihr Unternehmen&#8221; custom_icon_color=&#8221;true&#8221; custom_icon_bg_width=&#8221;40&#8243; custom_icon_bg_height=&#8221;40&#8243; custom_title_color=&#8221;true&#8221; custom_content_color=&#8221;true&#8221; custom_icon_size=&#8221;60&#8243;][\/vc_column_inner][vc_column_inner width=&#8221;1\/3&#8243;][\/vc_column_inner][\/vc_row_inner][bpt_spacing height=&#8221;32px&#8221;][\/vc_column][\/vc_row][vc_row][vc_column][bpt_spacing height=&#8221;52px&#8221;][bpt_custom_text css_animation=&#8221;none&#8221; text_color=&#8221;#4f4f4f&#8221; font_size=&#8221;36&#8243;]\n<h3 style=\"text-align: center;\">Procat AnalytiX auf einen Blick<\/h3>\n[\/bpt_custom_text][bpt_spacing height=&#8221;25px&#8221;][bpt_custom_text css_animation=&#8221;none&#8221; text_color=&#8221;#4f4f4f&#8221; font_size=&#8221;20&#8243; line_height=&#8221;170&#8243; responsive_font=&#8221;true&#8221;]\n<p style=\"text-align: center;\">AnalytiX ist eine einfach zu verwendende Sprachanalyse-L\u00f6sung, die eine hohe Erfolgsrate bei der Textkonvertierung bietet. Sie k\u00f6nnen verschiedene Regeln f\u00fcr mehrere Gesch\u00e4ftsbereiche auf einer einzigen Plattform analysieren und definieren.<\/p>\n[\/bpt_custom_text][bpt_spacing height=&#8221;52px&#8221;][vc_separator style=&#8221;shadow&#8221;][bpt_spacing height=&#8221;52px&#8221;][vc_row_inner][vc_column_inner][bpt_image_layers transition=&#8221;1100&#8243; values=&#8221;%5B%7B%22thumbnail%22%3A%223078%22%2C%22image_animation%22%3A%22fade_in%22%2C%22image_order%22%3A%221%22%7D%2C%7B%22thumbnail%22%3A%223079%22%2C%22image_animation%22%3A%22fade_in%22%2C%22image_order%22%3A%221%22%7D%2C%7B%22thumbnail%22%3A%223080%22%2C%22image_animation%22%3A%22fade_in%22%2C%22image_order%22%3A%221%22%7D%2C%7B%22thumbnail%22%3A%223081%22%2C%22image_animation%22%3A%22fade_in%22%2C%22image_order%22%3A%221%22%7D%2C%7B%22thumbnail%22%3A%223082%22%2C%22image_animation%22%3A%22fade_in%22%2C%22image_order%22%3A%221%22%7D%5D&#8221;][\/vc_column_inner][\/vc_row_inner][bpt_spacing height=&#8221;52px&#8221;][\/vc_column][\/vc_row]\n","protected":false},"excerpt":{"rendered":"<p>[vc_row css=&#8221;.vc_custom_1525264435845{margin-top: -40px !important;}&#8221;][vc_column][rev_slider_vc alias=&#8221;pro-collect&#8221;][\/vc_column][\/vc_row][vc_row][vc_column width=&#8221;1\/2&#8243;][bpt_spacing height=&#8221;95px&#8221;][bpt_spacing height=&#8221;55px&#8221;][bpt_image_layers values=&#8221;%5B%7B%22thumbnail%22%3A%223073%22%2C%22image_animation%22%3A%22slide_down%22%2C%22image_order%22%3A%221%22%7D%2C%7B%22thumbnail%22%3A%223074%22%2C%22image_animation%22%3A%22slide_down%22%2C%22image_order%22%3A%221%22%7D%2C%7B%22thumbnail%22%3A%223075%22%2C%22image_animation%22%3A%22slide_down%22%2C%22image_order%22%3A%221%22%7D%2C%7B%22thumbnail%22%3A%223076%22%2C%22image_animation%22%3A%22slide_down%22%2C%22image_order%22%3A%221%22%7D%2C%7B%22thumbnail%22%3A%223077%22%2C%22image_animation%22%3A%22slide_down%22%2C%22image_order%22%3A%221%22%7D%5D&#8221;][\/vc_column][vc_column width=&#8221;1\/2&#8243;][vc_row_inner][vc_column_inner offset=&#8221;vc_col-lg-offset-1 vc_col-lg-11&#8243;][bpt_spacing height=&#8221;150px&#8221;][bpt_custom_text css_animation=&#8221;none&#8221; text_color=&#8221;#4f4f4f&#8221; font_size=&#8221;25&#8243; line_height=&#8221;130&#8243;] St\u00e4rken Sie Ihr Unternehmen, indem Sie Ihre Kundeninteraktionen analysieren. [\/bpt_custom_text][bpt_spacing height=&#8221;24px&#8221;][bpt_spacing height=&#8221;5px&#8221;][bpt_custom_text css_animation=&#8221;none&#8221; text_color=&#8221;#4f4f4f&#8221; font_size=&#8221;18&#8243; line_height=&#8221;130&#8243;]Messen Sie durch Analyse der Kundeninteraktionen die Leistung Ihres Kundenvertreters und interpretieren Sie die Trends und Erwartungen Ihrer Kunden.[\/bpt_custom_text][bpt_spacing height=&#8221;100px&#8221;][bpt_spacing height=&#8221;22px&#8221;][\/vc_column_inner][\/vc_row_inner][\/vc_column][\/vc_row][vc_row][vc_column][bpt_spacing height=&#8221;50px&#8221;][\/vc_column][\/vc_row][vc_row full_width=&#8221;stretch_row&#8221; [&hellip;]<\/p>\n","protected":false},"author":1,"featured_media":0,"parent":0,"menu_order":0,"comment_status":"closed","ping_status":"closed","template":"","meta":{"footnotes":""},"class_list":["post-2563","page","type-page","status-publish","hentry"],"aioseo_notices":[],"_links":{"self":[{"href":"https:\/\/procatint.com\/de\/index.php?rest_route=\/wp\/v2\/pages\/2563","targetHints":{"allow":["GET"]}}],"collection":[{"href":"https:\/\/procatint.com\/de\/index.php?rest_route=\/wp\/v2\/pages"}],"about":[{"href":"https:\/\/procatint.com\/de\/index.php?rest_route=\/wp\/v2\/types\/page"}],"author":[{"embeddable":true,"href":"https:\/\/procatint.com\/de\/index.php?rest_route=\/wp\/v2\/users\/1"}],"replies":[{"embeddable":true,"href":"https:\/\/procatint.com\/de\/index.php?rest_route=%2Fwp%2Fv2%2Fcomments&post=2563"}],"version-history":[{"count":40,"href":"https:\/\/procatint.com\/de\/index.php?rest_route=\/wp\/v2\/pages\/2563\/revisions"}],"predecessor-version":[{"id":3128,"href":"https:\/\/procatint.com\/de\/index.php?rest_route=\/wp\/v2\/pages\/2563\/revisions\/3128"}],"wp:attachment":[{"href":"https:\/\/procatint.com\/de\/index.php?rest_route=%2Fwp%2Fv2%2Fmedia&parent=2563"}],"curies":[{"name":"wp","href":"https:\/\/api.w.org\/{rel}","templated":true}]}}