{"id":3272,"date":"2021-12-01T01:17:20","date_gmt":"2021-11-30T22:17:20","guid":{"rendered":"https:\/\/procatint.com\/de\/?page_id=3272"},"modified":"2021-12-20T23:42:45","modified_gmt":"2021-12-20T20:42:45","slug":"beratung","status":"publish","type":"page","link":"https:\/\/procatint.com\/de\/?page_id=3272","title":{"rendered":"Beratung"},"content":{"rendered":"[vc_row css=&#8221;.vc_custom_1525264435845{margin-top: -40px !important;}&#8221;][vc_column css=&#8221;.vc_custom_1640032959988{margin-top: -50px !important;}&#8221;][rev_slider_vc alias=&#8221;danismanlik&#8221;][\/vc_column][\/vc_row][vc_row][vc_column][bpt_spacing height=&#8221;100px&#8221;][\/vc_column][\/vc_row][vc_row][vc_column offset=&#8221;vc_col-md-6&#8243;][vc_single_image image=&#8221;3274&#8243; img_size=&#8221;full&#8221;][\/vc_column][vc_column offset=&#8221;vc_col-md-6&#8243;][bpt_spacing height=&#8221;44px&#8221;][vc_row_inner][vc_column_inner offset=&#8221;vc_col-lg-offset-1 vc_col-lg-11&#8243;][bpt_custom_text css_animation=&#8221;none&#8221; text_color=&#8221;#4f4f4f&#8221; font_size=&#8221;36&#8243; line_height=&#8221;130&#8243;]\n<h2>End-to-End-Beratung zu allen Themen Ihres Bedarfs, um Ihr Contact Center auf den Weltstandard zu f\u00fchren\u2026<\/h2>\n[\/bpt_custom_text][bpt_spacing height=&#8221;24px&#8221;][bpt_spacing height=&#8221;22px&#8221;][vc_column_text css_animation=&#8221;none&#8221;]Mit \u00fcber 30 Jahren Call-Center-Erfahrung bieten wir Beratungsleistungen in vielen Bereichen, wie Aufbau und Sicherheit Ihres Contact Centers, sowie auch zu Themen wie User Experience Design.[\/vc_column_text][bpt_spacing height=&#8221;22px&#8221;][\/vc_column_inner][\/vc_row_inner][\/vc_column][\/vc_row][vc_row][vc_column][bpt_spacing height=&#8221;100px&#8221;][\/vc_column][\/vc_row][vc_row full_width=&#8221;stretch_row&#8221; parallax=&#8221;content-moving&#8221; parallax_image=&#8221;2833&#8243;][vc_column][bpt_spacing height=&#8221;65px&#8221;][bpt_custom_text css_animation=&#8221;none&#8221; text_color=&#8221;#ffffff&#8221; font_size=&#8221;36&#8243;]Was bieten wir Ihnen im Rahmen der Beratung?[\/bpt_custom_text][bpt_spacing height=&#8221;16px&#8221;][bpt_custom_text css_animation=&#8221;none&#8221; text_color=&#8221;#ffffff&#8221; font_size=&#8221;25&#8243; line_height=&#8221;170&#8243;]Wir bieten umfassende Beratung auf Ihrem Weg vom Aufbau Ihres Contact Centers bis hin zum Qualit\u00e4ts- und Performancemanagement.[\/bpt_custom_text][bpt_spacing height=&#8221;46px&#8221;][vc_row_inner][vc_column_inner width=&#8221;1\/4&#8243; offset=&#8221;vc_col-md-3&#8243;][bpt_info_box ib_layout=&#8221;left&#8221; css_animation=&#8221;bounceIn&#8221; icon_type=&#8221;font&#8221; icon_font_type=&#8221;type_fontawesome&#8221; icon_fontawesome=&#8221;fa fa-comment&#8221; icon_color=&#8221;#ffd13d&#8221; icon_color_hover=&#8221;#ffffff&#8221; title_color=&#8221;#ffffff&#8221; content_size=&#8221;14&#8243; content_color=&#8221;#cdcdcd&#8221; ib_title=&#8221;Contact Center &#8211; Einrichtung&#8221; ib_content=&#8221;Lassen Sie sich zu allen Prozessen zum Thema Contact Center Setup von uns beraten.&#8221; custom_icon_color=&#8221;true&#8221; custom_icon_bg_width=&#8221;40&#8243; custom_icon_bg_height=&#8221;40&#8243; custom_title_color=&#8221;true&#8221; custom_content_color=&#8221;true&#8221; custom_icon_size=&#8221;60&#8243;][vc_empty_space height=&#8221;50px&#8221;][\/vc_column_inner][vc_column_inner width=&#8221;1\/4&#8243; offset=&#8221;vc_col-md-3&#8243;][bpt_info_box ib_layout=&#8221;left&#8221; css_animation=&#8221;bounceIn&#8221; icon_type=&#8221;font&#8221; icon_font_type=&#8221;type_fontawesome&#8221; icon_fontawesome=&#8221;fa fa-user-md&#8221; icon_color=&#8221;#ffd13d&#8221; icon_color_hover=&#8221;#ffffff&#8221; title_color=&#8221;#ffffff&#8221; content_size=&#8221;14&#8243; content_color=&#8221;#cdcdcd&#8221; ib_title=&#8221;Check-Up &#8211; Analysedienste&#8221; ib_content=&#8221;Lassen Sie uns auf Ihre Bed\u00fcrfnisse eingehen, indem wir die Aspekte analysieren, die Unterst\u00fctzung ben\u00f6tigen.&#8221; custom_icon_color=&#8221;true&#8221; custom_icon_bg_width=&#8221;40&#8243; custom_icon_bg_height=&#8221;40&#8243; custom_title_color=&#8221;true&#8221; custom_content_color=&#8221;true&#8221; custom_icon_size=&#8221;60&#8243;][vc_empty_space height=&#8221;50px&#8221;][\/vc_column_inner][vc_column_inner width=&#8221;1\/4&#8243; offset=&#8221;vc_col-md-3&#8243;][bpt_info_box ib_layout=&#8221;left&#8221; css_animation=&#8221;bounceIn&#8221; icon_type=&#8221;font&#8221; icon_font_type=&#8221;type_fontawesome&#8221; icon_fontawesome=&#8221;fa fa-toggle-on&#8221; icon_color=&#8221;#ffd13d&#8221; icon_color_hover=&#8221;#ffffff&#8221; title_color=&#8221;#ffffff&#8221; content_size=&#8221;14&#8243; content_color=&#8221;#cdcdcd&#8221; ib_title=&#8221;Technologiebewertung&#8221; ib_content=&#8221;Lassen Sie uns analysieren, welche Technologien Sie an welchen Stellen in Ihrem Contact Center ben\u00f6tigen.&#8221; custom_icon_color=&#8221;true&#8221; custom_icon_bg_width=&#8221;40&#8243; custom_icon_bg_height=&#8221;40&#8243; custom_title_color=&#8221;true&#8221; custom_content_color=&#8221;true&#8221; custom_icon_size=&#8221;60&#8243;][vc_empty_space][\/vc_column_inner][vc_column_inner width=&#8221;1\/4&#8243;][bpt_info_box ib_layout=&#8221;left&#8221; css_animation=&#8221;bounceIn&#8221; icon_type=&#8221;font&#8221; icon_font_type=&#8221;type_fontawesome&#8221; icon_fontawesome=&#8221;fa fa-smile-o&#8221; icon_color=&#8221;#ffd13d&#8221; icon_color_hover=&#8221;#ffffff&#8221; title_color=&#8221;#ffffff&#8221; content_size=&#8221;14&#8243; content_color=&#8221;#cdcdcd&#8221; ib_title=&#8221;User Experience Design&#8221; ib_content=&#8221;Lassen Sie uns Ihre User Experience so gestalten, dass Ihre Kommunikation mit Ihren Kunden einwandfrei gestaltet ist.&#8221; custom_icon_color=&#8221;true&#8221; custom_icon_bg_width=&#8221;40&#8243; custom_icon_bg_height=&#8221;40&#8243; custom_title_color=&#8221;true&#8221; custom_content_color=&#8221;true&#8221; custom_icon_size=&#8221;60&#8243;][vc_empty_space][\/vc_column_inner][\/vc_row_inner][vc_row_inner][vc_column_inner width=&#8221;1\/4&#8243; offset=&#8221;vc_col-md-3&#8243;][bpt_info_box ib_layout=&#8221;left&#8221; css_animation=&#8221;bounceIn&#8221; icon_type=&#8221;font&#8221; icon_font_type=&#8221;type_fontawesome&#8221; icon_fontawesome=&#8221;fa fa-spinner&#8221; icon_color=&#8221;#ffd13d&#8221; icon_color_hover=&#8221;#ffffff&#8221; title_color=&#8221;#ffffff&#8221; content_size=&#8221;14&#8243; content_color=&#8221;#cdcdcd&#8221; ib_title=&#8221;Betriebsverwaltungsdienste&#8221; ib_content=&#8221;Bei Bedarf, \u00fcberlassen Sie die Verwaltung Ihres laufenden Betriebs unserem erfahrenen Team.&#8221; custom_icon_color=&#8221;true&#8221; custom_icon_bg_width=&#8221;40&#8243; custom_icon_bg_height=&#8221;40&#8243; custom_title_color=&#8221;true&#8221; custom_content_color=&#8221;true&#8221; custom_icon_size=&#8221;60&#8243;][vc_empty_space height=&#8221;50px&#8221;][\/vc_column_inner][vc_column_inner width=&#8221;1\/4&#8243; offset=&#8221;vc_col-md-3&#8243;][bpt_info_box ib_layout=&#8221;left&#8221; css_animation=&#8221;bounceIn&#8221; icon_type=&#8221;font&#8221; icon_font_type=&#8221;type_fontawesome&#8221; icon_fontawesome=&#8221;fa fa-lock&#8221; icon_color=&#8221;#ffd13d&#8221; icon_color_hover=&#8221;#ffffff&#8221; title_color=&#8221;#ffffff&#8221; content_size=&#8221;14&#8243; content_color=&#8221;#cdcdcd&#8221; ib_title=&#8221;Kommunikations &#8211; und Sicherheitsdienste&#8221; ib_content=&#8221;Wir f\u00fchren End-to-End-Sicherheitskontrollen f\u00fcr Ihr Unternehmen durch.&#8221; custom_icon_color=&#8221;true&#8221; custom_icon_bg_width=&#8221;40&#8243; custom_icon_bg_height=&#8221;40&#8243; custom_title_color=&#8221;true&#8221; custom_content_color=&#8221;true&#8221; custom_icon_size=&#8221;60&#8243;][vc_empty_space height=&#8221;50px&#8221;][\/vc_column_inner][vc_column_inner width=&#8221;1\/4&#8243; offset=&#8221;vc_col-md-3&#8243;][\/vc_column_inner][vc_column_inner width=&#8221;1\/4&#8243;][bpt_spacing height=&#8221;46px&#8221;][\/vc_column_inner][\/vc_row_inner][bpt_spacing height=&#8221;62px&#8221;][\/vc_column][\/vc_row][vc_row][vc_column][bpt_spacing height=&#8221;52px&#8221;][bpt_spacing height=&#8221;52px&#8221;][\/vc_column][\/vc_row][vc_row][vc_column offset=&#8221;vc_col-lg-offset-1 vc_col-lg-10&#8243;][bpt_custom_text css_animation=&#8221;none&#8221; text_color=&#8221;#4f4f4f&#8221; font_size=&#8221;36&#8243;]\n<p style=\"text-align: center;\"><strong>Sicherheitsdienste<\/strong><\/p>\n[\/bpt_custom_text][bpt_spacing height=&#8221;16px&#8221;][bpt_custom_text css_animation=&#8221;none&#8221; text_color=&#8221;#4d4d4d&#8221; font_size=&#8221;20&#8243; line_height=&#8221;170&#8243;]\n<p style=\"text-align: center;\">Wir f\u00fchren End-to-End-Sicherheitskontrollen f\u00fcr Ihr Unternehmen durch.<\/p>\n<p style=\"text-align: center;\">Somit wird Ihre Firma sicherer denn je sein.<\/p>\n[\/bpt_custom_text][bpt_spacing height=&#8221;42px&#8221;][\/vc_column][\/vc_row][vc_row][vc_column width=&#8221;1\/3&#8243;][bpt_info_box ib_type=&#8221;fill&#8221; ib_align=&#8221;center&#8221; css_animation=&#8221;bounceIn&#8221; icon_type=&#8221;font&#8221; icon_font_type=&#8221;type_fontawesome&#8221; icon_fontawesome=&#8221;fa fa-globe&#8221; icon_color=&#8221;#ffd13d&#8221; icon_color_hover=&#8221;#ffffff&#8221; title_color=&#8221;#353535&#8243; content_size=&#8221;14&#8243; content_color=&#8221;#cdcdcd&#8221; ib_title=&#8221;Website &#8211; Sicherheitskontrollen&#8221; custom_icon_color=&#8221;true&#8221; custom_icon_bg_width=&#8221;40&#8243; custom_icon_bg_height=&#8221;40&#8243; custom_title_color=&#8221;true&#8221; custom_content_color=&#8221;true&#8221; custom_icon_size=&#8221;60&#8243;][vc_empty_space height=&#8221;50px&#8221;][\/vc_column][vc_column width=&#8221;1\/3&#8243;][bpt_info_box ib_type=&#8221;fill&#8221; ib_align=&#8221;center&#8221; css_animation=&#8221;bounceIn&#8221; icon_type=&#8221;font&#8221; icon_font_type=&#8221;type_fontawesome&#8221; icon_fontawesome=&#8221;fa fa-mobile&#8221; icon_color=&#8221;#ffd13d&#8221; icon_color_hover=&#8221;#ffffff&#8221; title_color=&#8221;#353535&#8243; content_size=&#8221;14&#8243; content_color=&#8221;#cdcdcd&#8221; ib_title=&#8221;Sicherheitskontrollen f\u00fcr mobile Anwendungen&#8221; custom_icon_color=&#8221;true&#8221; custom_icon_bg_width=&#8221;40&#8243; custom_icon_bg_height=&#8221;40&#8243; custom_title_color=&#8221;true&#8221; custom_content_color=&#8221;true&#8221; custom_icon_size=&#8221;70&#8243;][vc_empty_space height=&#8221;50px&#8221;][\/vc_column][vc_column width=&#8221;1\/3&#8243;][bpt_info_box ib_type=&#8221;fill&#8221; ib_align=&#8221;center&#8221; css_animation=&#8221;bounceIn&#8221; icon_type=&#8221;font&#8221; icon_font_type=&#8221;type_fontawesome&#8221; icon_fontawesome=&#8221;fa fa-id-card-o&#8221; icon_color=&#8221;#ffd13d&#8221; icon_color_hover=&#8221;#ffffff&#8221; title_color=&#8221;#353535&#8243; content_size=&#8221;14&#8243; content_color=&#8221;#cdcdcd&#8221; ib_title=&#8221;Phishing &#8211; Test&#8221; custom_icon_color=&#8221;true&#8221; custom_icon_bg_width=&#8221;40&#8243; custom_icon_bg_height=&#8221;40&#8243; custom_title_color=&#8221;true&#8221; custom_content_color=&#8221;true&#8221; custom_icon_size=&#8221;50&#8243;][vc_empty_space height=&#8221;50px&#8221;][\/vc_column][\/vc_row][vc_row][vc_column][bpt_spacing height=&#8221;10px&#8221;][\/vc_column][\/vc_row][vc_row][vc_column width=&#8221;1\/3&#8243;][bpt_info_box ib_type=&#8221;fill&#8221; ib_align=&#8221;center&#8221; css_animation=&#8221;bounceIn&#8221; icon_type=&#8221;font&#8221; icon_font_type=&#8221;type_fontawesome&#8221; icon_fontawesome=&#8221;fa fa-shield&#8221; icon_color=&#8221;#ffd13d&#8221; icon_color_hover=&#8221;#ffffff&#8221; title_color=&#8221;#353535&#8243; content_size=&#8221;14&#8243; content_color=&#8221;#cdcdcd&#8221; ib_title=&#8221;\u00dcberpr\u00fcfung der Sicherheitscodes&#8221; custom_icon_color=&#8221;true&#8221; custom_icon_bg_width=&#8221;40&#8243; custom_icon_bg_height=&#8221;40&#8243; custom_title_color=&#8221;true&#8221; custom_content_color=&#8221;true&#8221; custom_icon_size=&#8221;60&#8243;][vc_empty_space height=&#8221;50px&#8221;][\/vc_column][vc_column width=&#8221;1\/3&#8243;][bpt_info_box ib_type=&#8221;fill&#8221; ib_align=&#8221;center&#8221; css_animation=&#8221;bounceIn&#8221; icon_type=&#8221;font&#8221; icon_font_type=&#8221;type_fontawesome&#8221; icon_fontawesome=&#8221;fa fa-eye-slash&#8221; icon_color=&#8221;#ffd13d&#8221; icon_color_hover=&#8221;#ffffff&#8221; title_color=&#8221;#353535&#8243; content_size=&#8221;14&#8243; content_color=&#8221;#cdcdcd&#8221; ib_title=&#8221;Sicherheit-Schwachstellenanalyse&#8221; custom_icon_color=&#8221;true&#8221; custom_icon_bg_width=&#8221;40&#8243; custom_icon_bg_height=&#8221;40&#8243; custom_title_color=&#8221;true&#8221; custom_content_color=&#8221;true&#8221; custom_icon_size=&#8221;60&#8243;][vc_empty_space height=&#8221;50px&#8221;][\/vc_column][vc_column width=&#8221;1\/3&#8243;][bpt_info_box ib_type=&#8221;fill&#8221; ib_align=&#8221;center&#8221; css_animation=&#8221;bounceIn&#8221; icon_type=&#8221;font&#8221; icon_font_type=&#8221;type_fontawesome&#8221; icon_fontawesome=&#8221;fa fa-mixcloud&#8221; icon_color=&#8221;#ffd13d&#8221; icon_color_hover=&#8221;#ffffff&#8221; title_color=&#8221;#353535&#8243; content_size=&#8221;14&#8243; content_color=&#8221;#cdcdcd&#8221; ib_title=&#8221;Netzwerk- und Cloud-Sicherheitskontrollen&#8221; custom_icon_color=&#8221;true&#8221; custom_icon_bg_width=&#8221;40&#8243; custom_icon_bg_height=&#8221;40&#8243; custom_title_color=&#8221;true&#8221; custom_content_color=&#8221;true&#8221; custom_icon_size=&#8221;60&#8243;][vc_empty_space height=&#8221;50px&#8221;][\/vc_column][\/vc_row]\n","protected":false},"excerpt":{"rendered":"<p>[vc_row css=&#8221;.vc_custom_1525264435845{margin-top: -40px !important;}&#8221;][vc_column css=&#8221;.vc_custom_1640032959988{margin-top: -50px !important;}&#8221;][rev_slider_vc alias=&#8221;danismanlik&#8221;][\/vc_column][\/vc_row][vc_row][vc_column][bpt_spacing height=&#8221;100px&#8221;][\/vc_column][\/vc_row][vc_row][vc_column offset=&#8221;vc_col-md-6&#8243;][vc_single_image image=&#8221;3274&#8243; img_size=&#8221;full&#8221;][\/vc_column][vc_column offset=&#8221;vc_col-md-6&#8243;][bpt_spacing height=&#8221;44px&#8221;][vc_row_inner][vc_column_inner offset=&#8221;vc_col-lg-offset-1 vc_col-lg-11&#8243;][bpt_custom_text css_animation=&#8221;none&#8221; text_color=&#8221;#4f4f4f&#8221; font_size=&#8221;36&#8243; line_height=&#8221;130&#8243;] End-to-End-Beratung zu allen Themen Ihres Bedarfs, um Ihr Contact Center auf den Weltstandard zu f\u00fchren\u2026 [\/bpt_custom_text][bpt_spacing height=&#8221;24px&#8221;][bpt_spacing height=&#8221;22px&#8221;][vc_column_text css_animation=&#8221;none&#8221;]Mit \u00fcber 30 Jahren Call-Center-Erfahrung bieten wir Beratungsleistungen in vielen Bereichen, wie Aufbau und Sicherheit Ihres Contact [&hellip;]<\/p>\n","protected":false},"author":1,"featured_media":0,"parent":0,"menu_order":0,"comment_status":"closed","ping_status":"closed","template":"","meta":{"footnotes":""},"class_list":["post-3272","page","type-page","status-publish","hentry"],"aioseo_notices":[],"_links":{"self":[{"href":"https:\/\/procatint.com\/de\/index.php?rest_route=\/wp\/v2\/pages\/3272","targetHints":{"allow":["GET"]}}],"collection":[{"href":"https:\/\/procatint.com\/de\/index.php?rest_route=\/wp\/v2\/pages"}],"about":[{"href":"https:\/\/procatint.com\/de\/index.php?rest_route=\/wp\/v2\/types\/page"}],"author":[{"embeddable":true,"href":"https:\/\/procatint.com\/de\/index.php?rest_route=\/wp\/v2\/users\/1"}],"replies":[{"embeddable":true,"href":"https:\/\/procatint.com\/de\/index.php?rest_route=%2Fwp%2Fv2%2Fcomments&post=3272"}],"version-history":[{"count":4,"href":"https:\/\/procatint.com\/de\/index.php?rest_route=\/wp\/v2\/pages\/3272\/revisions"}],"predecessor-version":[{"id":3285,"href":"https:\/\/procatint.com\/de\/index.php?rest_route=\/wp\/v2\/pages\/3272\/revisions\/3285"}],"wp:attachment":[{"href":"https:\/\/procatint.com\/de\/index.php?rest_route=%2Fwp%2Fv2%2Fmedia&parent=3272"}],"curies":[{"name":"wp","href":"https:\/\/api.w.org\/{rel}","templated":true}]}}