{"id":3414,"date":"2022-06-13T22:39:58","date_gmt":"2022-06-13T19:39:58","guid":{"rendered":"https:\/\/procatint.com\/de\/?page_id=3414"},"modified":"2022-12-18T22:10:08","modified_gmt":"2022-12-18T19:10:08","slug":"nachhaltigkeit","status":"publish","type":"page","link":"https:\/\/procatint.com\/de\/?page_id=3414","title":{"rendered":"Nachhaltigkeit"},"content":{"rendered":"[vc_row css=&#8221;.vc_custom_1525264435845{margin-top: -40px !important;}&#8221;][vc_column css=&#8221;.vc_custom_1653634337703{margin-top: -50px !important;}&#8221;][rev_slider_vc alias=&#8221;surdurulebilirlik&#8221;][\/vc_column][\/vc_row][vc_row full_width=&#8221;stretch_row&#8221; css=&#8221;.vc_custom_1653296797871{padding-top: 55px !important;padding-bottom: 65px !important;background-color: #f8f8f8 !important;}&#8221;][vc_column width=&#8221;1\/2&#8243;][bpt_info_box ib_layout=&#8221;left&#8221; css_animation=&#8221;none&#8221; icon_type=&#8221;image&#8221; thumbnail=&#8221;1152&#8243; title_size=&#8221;30&#8243; ib_title=&#8221;Makrokosmos&#8221; ib_content=&#8221;Mit unseren Technologiel\u00f6sungen verbrauchen wir weniger Ressourcen, entwickeln effiziente Gesch\u00e4ftsprozesse und steigern unsere Effizienz in diesem Bereich.&#8221; custom_image_height=&#8221;58&#8243;][\/vc_column][vc_column width=&#8221;1\/2&#8243;][bpt_info_box ib_layout=&#8221;left&#8221; css_animation=&#8221;none&#8221; icon_type=&#8221;image&#8221; thumbnail=&#8221;240&#8243; title_size=&#8221;30&#8243; ib_title=&#8221;Mikrokosmos&#8221; ib_content=&#8221;Wir arbeiten als Team in integrativen Arbeitsumgebungen, die Vielfalt wertsch\u00e4tzen. So erreichen wir in vielen Bereichen eine hohe Effizienz.&#8221; custom_image_height=&#8221;58&#8243;][\/vc_column][\/vc_row][vc_row][vc_column][bpt_spacing height=&#8221;38px&#8221;][vc_row_inner][vc_column_inner offset=&#8221;vc_col-lg-offset-1 vc_col-lg-10&#8243;][bpt_custom_text css_animation=&#8221;none&#8221; text_color=&#8221;#282828&#8243; font_size=&#8221;36&#8243;]\n<p style=\"text-align: center;\"><strong>Was wir machen ? <\/strong><\/p>\n[\/bpt_custom_text][bpt_spacing height=&#8221;20px&#8221;][bpt_custom_text css_animation=&#8221;none&#8221; text_color=&#8221;#4d4d4d&#8221; font_size=&#8221;22&#8243; line_height=&#8221;160&#8243;]\n<p style=\"text-align: center;\"><strong>Wir stellen den Begriff \u201eNachhaltigkeit\u201c in den Mittelpunkt unseres Gesch\u00e4ftsmodells.<\/strong><\/p>\n[\/bpt_custom_text][\/vc_column_inner][\/vc_row_inner][\/vc_column][\/vc_row][vc_row][vc_column width=&#8221;1\/3&#8243;][bpt_spacing height=&#8221;65px&#8221;][bpt_info_box ib_type=&#8221;fill&#8221; ib_layout=&#8221;top_right&#8221; ib_align=&#8221;right&#8221; css_animation=&#8221;none&#8221; icon_type=&#8221;none&#8221; title_size=&#8221;34&#8243; title_weight=&#8221;500&#8243; ib_title=&#8221;Makrokosmos&#8221; ib_content=&#8221;Um Einsparungen und Effizienz zu erzielen, verbrauchen wir durch den Einsatz von Technologie weniger Ressourcen und Arbeitskraft.&#8221; custom_icon_bg_width=&#8221;51&#8243; custom_icon_bg_height=&#8221;55&#8243;][bpt_spacing height=&#8221;50px&#8221; responsive_es=&#8221;true&#8221; height_size_sm_desctop=&#8221;45&#8243; height_tablet=&#8221;45&#8243; height_mobile=&#8221;35&#8243;][vc_separator color=&#8221;juicy_pink&#8221; style=&#8221;shadow&#8221; css_animation=&#8221;fadeInDown&#8221;][\/vc_column][vc_column width=&#8221;1\/3&#8243;][\/vc_column][vc_column width=&#8221;1\/3&#8243;][bpt_spacing height=&#8221;65px&#8221;][bpt_info_box ib_type=&#8221;fill&#8221; ib_layout=&#8221;top_left&#8221; css_animation=&#8221;none&#8221; icon_type=&#8221;none&#8221; title_size=&#8221;34&#8243; title_weight=&#8221;500&#8243; ib_title=&#8221;Mikrokosmos&#8221; ib_content=&#8221;Mit unserem Managementmodell, das unsere Mitarbeiter bef\u00e4higt und ihnen erm\u00f6glicht, sich weiterzuentwickeln, schaffen wir unterhaltsame, lehrreiche und lohnende Arbeitsumgebungen.&#8221; custom_icon_bg_width=&#8221;51&#8243; custom_icon_bg_height=&#8221;55&#8243;][bpt_spacing height=&#8221;25&#8243; responsive_es=&#8221;true&#8221; height_size_sm_desctop=&#8221;45&#8243; height_tablet=&#8221;45&#8243; height_mobile=&#8221;35&#8243;][vc_separator color=&#8221;juicy_pink&#8221; style=&#8221;shadow&#8221; css_animation=&#8221;fadeInDown&#8221;][\/vc_column][\/vc_row][vc_row][vc_column width=&#8221;1\/3&#8243;][bpt_spacing height=&#8221;70px&#8221; responsive_es=&#8221;true&#8221; height_size_sm_desctop=&#8221;45&#8243; height_tablet=&#8221;45&#8243; height_mobile=&#8221;35&#8243;][bpt_info_box ib_layout=&#8221;right&#8221; ib_align=&#8221;right&#8221; css_animation=&#8221;none&#8221; icon_type=&#8221;image&#8221; thumbnail=&#8221;3460&#8243; title_size=&#8221;24&#8243; title_weight=&#8221;500&#8243; ib_title=&#8221;Umweltfreundlichkeit&#8221; ib_content=&#8221;Wir ersetzen unsere traditionellen Visitenkarten durch digitale Visitenkarten. Auf diese Weise vermeiden wir Papierverschwendung und f\u00fcgen unserem Leben einen innovativen Wert hinzu, der f\u00fcr die wiederholte Verwendung geeignet ist.&#8221; custom_image_height=&#8221;50&#8243; custom_icon_bg_width=&#8221;51&#8243; custom_icon_bg_height=&#8221;62&#8243;][bpt_spacing height=&#8221;30px&#8221;][\/vc_column][vc_column width=&#8221;1\/3&#8243;][\/vc_column][vc_column width=&#8221;1\/3&#8243;][bpt_spacing height=&#8221;70&#8243; responsive_es=&#8221;true&#8221; height_size_sm_desctop=&#8221;45&#8243; height_tablet=&#8221;45&#8243; height_mobile=&#8221;35&#8243;][bpt_info_box ib_layout=&#8221;left&#8221; css_animation=&#8221;none&#8221; icon_type=&#8221;image&#8221; thumbnail=&#8221;3461&#8243; title_size=&#8221;24&#8243; title_weight=&#8221;500&#8243; ib_title=&#8221;Gesellschaftliche Verantwortung&#8221; ib_content=&#8221;Wir produzieren Projekte zum Wohle der Gesellschaft, indem wir mit angesehenen und zuverl\u00e4ssigen Verb\u00e4nden zusammenarbeiten. Dank der aktiven Unterst\u00fctzung unserer Mitarbeiter, setzen wir unseren Einsatz in diesem Bereich fort. &#8221; custom_image_height=&#8221;50&#8243; custom_icon_bg_width=&#8221;51&#8243; custom_icon_bg_height=&#8221;62&#8243;][\/vc_column][\/vc_row][vc_row][vc_column width=&#8221;1\/3&#8243;][bpt_spacing height=&#8221;70px&#8221; responsive_es=&#8221;true&#8221; height_size_sm_desctop=&#8221;45&#8243; height_tablet=&#8221;45&#8243; height_mobile=&#8221;35&#8243;][bpt_info_box ib_layout=&#8221;right&#8221; ib_align=&#8221;right&#8221; css_animation=&#8221;none&#8221; icon_type=&#8221;image&#8221; thumbnail=&#8221;238&#8243; title_size=&#8221;24&#8243; title_weight=&#8221;500&#8243; ib_title=&#8221;Automatisierungsrate&#8221; ib_content=&#8221;Wir bieten L\u00f6sungen und Technologien, die die Automatisierungsraten f\u00fcr unseren Planeten und unsere Kunden erh\u00f6hen, und wir sch\u00fctzen unsere Welt mit L\u00f6sungen, die weniger Ressourcen verbrauchen.&#8221; custom_image_height=&#8221;50&#8243; custom_icon_bg_width=&#8221;51&#8243; custom_icon_bg_height=&#8221;62&#8243;][\/vc_column][vc_column width=&#8221;1\/3&#8243;][\/vc_column][vc_column width=&#8221;1\/3&#8243;][bpt_spacing height=&#8221;70&#8243; responsive_es=&#8221;true&#8221; height_size_sm_desctop=&#8221;45&#8243; height_tablet=&#8221;45&#8243; height_mobile=&#8221;35&#8243;][bpt_info_box ib_layout=&#8221;left&#8221; css_animation=&#8221;none&#8221; icon_type=&#8221;image&#8221; thumbnail=&#8221;324&#8243; title_size=&#8221;24&#8243; title_weight=&#8221;500&#8243; ib_title=&#8221;Zugeh\u00f6rigkeit&#8221; ib_content=&#8221;15 % unserer Mitarbeiter sind seit mindestens 7 Jahren bei uns. Dar\u00fcber hinaus erhielten wir die Auszeichnungen \u201eBester Arbeitgeber\u201c und \u201eGreat Place to Work\u201c.&#8221; custom_image_height=&#8221;50&#8243; custom_icon_bg_width=&#8221;51&#8243; custom_icon_bg_height=&#8221;62&#8243;][\/vc_column][\/vc_row][vc_row][vc_column width=&#8221;1\/3&#8243;][bpt_spacing height=&#8221;50px&#8221; responsive_es=&#8221;true&#8221; height_size_sm_desctop=&#8221;45&#8243; height_tablet=&#8221;45&#8243; height_mobile=&#8221;35&#8243;][bpt_info_box ib_layout=&#8221;right&#8221; ib_align=&#8221;right&#8221; css_animation=&#8221;none&#8221; icon_type=&#8221;image&#8221; thumbnail=&#8221;241&#8243; title_size=&#8221;24&#8243; title_weight=&#8221;500&#8243; ib_title=&#8221;Technolgiespenden&#8221; ib_content=&#8221;Um Technologie f\u00fcr alle zug\u00e4nglich zu machen, spenden wir Technologie an unterst\u00fctzende Einrichtungen, insbesondere an Kinder und Menschen mit Behinderungen.&#8221; custom_image_height=&#8221;50&#8243; custom_icon_bg_width=&#8221;51&#8243; custom_icon_bg_height=&#8221;62&#8243;][\/vc_column][vc_column width=&#8221;1\/3&#8243;][\/vc_column][vc_column width=&#8221;1\/3&#8243;][bpt_spacing height=&#8221;50&#8243; responsive_es=&#8221;true&#8221; height_size_sm_desctop=&#8221;45&#8243; height_tablet=&#8221;45&#8243; height_mobile=&#8221;35&#8243;][bpt_info_box ib_layout=&#8221;left&#8221; css_animation=&#8221;none&#8221; icon_type=&#8221;image&#8221; thumbnail=&#8221;1341&#8243; title_size=&#8221;24&#8243; title_weight=&#8221;500&#8243; ib_title=&#8221;Beteiligung an Entscheidungen&#8221; ib_content=&#8221;Durch die Einrichtung von Motivationsteams bereiten wir Umfragen \u00fcber unsere internen Kommunikationskan\u00e4le vor und treffen gemeinsam Entscheidungen.&#8221; custom_image_height=&#8221;50&#8243; custom_icon_bg_width=&#8221;51&#8243; custom_icon_bg_height=&#8221;62&#8243;][\/vc_column][\/vc_row][vc_row][vc_column width=&#8221;1\/3&#8243;][bpt_spacing height=&#8221;50&#8243; responsive_es=&#8221;true&#8221; height_size_sm_desctop=&#8221;45&#8243; height_tablet=&#8221;45&#8243; height_mobile=&#8221;35&#8243;][bpt_info_box ib_layout=&#8221;right&#8221; ib_align=&#8221;right&#8221; css_animation=&#8221;none&#8221; icon_type=&#8221;image&#8221; thumbnail=&#8221;1340&#8243; title_size=&#8221;24&#8243; title_weight=&#8221;500&#8243; ib_title=&#8221;Unsere Tech-L\u00f6sungen&#8221; ib_content=&#8221;Durch den Einsatz unserer Technologiel\u00f6sungen sparen wir Zeit und verwenden unsere Energie auf neue Entdeckungen und Technologien.&#8221; custom_image_height=&#8221;50&#8243; custom_icon_bg_width=&#8221;51&#8243; custom_icon_bg_height=&#8221;62&#8243;][\/vc_column][vc_column width=&#8221;1\/3&#8243;][\/vc_column][vc_column width=&#8221;1\/3&#8243;][bpt_spacing height=&#8221;50&#8243; responsive_es=&#8221;true&#8221; height_size_sm_desctop=&#8221;45&#8243; height_tablet=&#8221;45&#8243; height_mobile=&#8221;35&#8243;][bpt_info_box ib_layout=&#8221;left&#8221; css_animation=&#8221;none&#8221; icon_type=&#8221;image&#8221; thumbnail=&#8221;243&#8243; title_size=&#8221;24&#8243; title_weight=&#8221;500&#8243; ib_title=&#8221;Ausbildung&#8221; ib_content=&#8221;Wir stellen sicher, dass unsere Mitarbeiter alle fachlichen und pers\u00f6nlichen Schulungen erhalten, die sie ben\u00f6tigen, und wir entwickeln ihre Managementf\u00e4higkeiten, indem wir sie bef\u00e4higen.&#8221; custom_image_height=&#8221;50&#8243; custom_icon_bg_width=&#8221;51&#8243; custom_icon_bg_height=&#8221;62&#8243;][\/vc_column][\/vc_row][vc_row][vc_column width=&#8221;1\/3&#8243;][bpt_spacing height=&#8221;50&#8243; responsive_es=&#8221;true&#8221; height_size_sm_desctop=&#8221;45&#8243; height_tablet=&#8221;45&#8243; height_mobile=&#8221;35&#8243;][bpt_info_box ib_layout=&#8221;right&#8221; ib_align=&#8221;right&#8221; css_animation=&#8221;none&#8221; icon_type=&#8221;image&#8221; thumbnail=&#8221;3417&#8243; title_size=&#8221;24&#8243; title_weight=&#8221;500&#8243; ib_title=&#8221;Audioteschnologien&#8221; ib_content=&#8221;F\u00fcr ein perfektes Kundenerlebnis finalisieren viele Anforderungen einfach und schnell und minimieren unseren CO2-Fu\u00dfabdruck.&#8221; custom_image_height=&#8221;50&#8243; custom_icon_bg_width=&#8221;51&#8243; custom_icon_bg_height=&#8221;62&#8243;][\/vc_column][vc_column width=&#8221;1\/3&#8243;][\/vc_column][vc_column width=&#8221;1\/3&#8243;][bpt_spacing height=&#8221;50&#8243; responsive_es=&#8221;true&#8221; height_size_sm_desctop=&#8221;45&#8243; height_tablet=&#8221;45&#8243; height_mobile=&#8221;35&#8243;][bpt_info_box ib_layout=&#8221;left&#8221; css_animation=&#8221;none&#8221; icon_type=&#8221;image&#8221; thumbnail=&#8221;239&#8243; title_size=&#8221;24&#8243; title_weight=&#8221;500&#8243; ib_title=&#8221;Spass bei der Arbeit&#8221; ib_content=&#8221;Wir organisieren Aktivit\u00e4ten in Gemeinschaftsbereichen wie Hobby- und Aufenthaltsr\u00e4umen und bieten unseren Mitarbeitern die M\u00f6glichkeit, sich sowohl einzeln als auch in der Gruppe zu vergn\u00fcgen.&#8221; custom_image_height=&#8221;50&#8243; custom_icon_bg_width=&#8221;51&#8243; custom_icon_bg_height=&#8221;62&#8243;][\/vc_column][\/vc_row][vc_row][vc_column][vc_column_text][\/vc_column_text][\/vc_column][\/vc_row]\n","protected":false},"excerpt":{"rendered":"<p>[vc_row css=&#8221;.vc_custom_1525264435845{margin-top: -40px !important;}&#8221;][vc_column css=&#8221;.vc_custom_1653634337703{margin-top: -50px !important;}&#8221;][rev_slider_vc alias=&#8221;surdurulebilirlik&#8221;][\/vc_column][\/vc_row][vc_row full_width=&#8221;stretch_row&#8221; css=&#8221;.vc_custom_1653296797871{padding-top: 55px !important;padding-bottom: 65px !important;background-color: #f8f8f8 !important;}&#8221;][vc_column width=&#8221;1\/2&#8243;][bpt_info_box ib_layout=&#8221;left&#8221; css_animation=&#8221;none&#8221; icon_type=&#8221;image&#8221; thumbnail=&#8221;1152&#8243; title_size=&#8221;30&#8243; ib_title=&#8221;Makrokosmos&#8221; ib_content=&#8221;Mit unseren Technologiel\u00f6sungen verbrauchen wir weniger Ressourcen, entwickeln effiziente Gesch\u00e4ftsprozesse und steigern unsere Effizienz in diesem Bereich.&#8221; custom_image_height=&#8221;58&#8243;][\/vc_column][vc_column width=&#8221;1\/2&#8243;][bpt_info_box ib_layout=&#8221;left&#8221; css_animation=&#8221;none&#8221; icon_type=&#8221;image&#8221; thumbnail=&#8221;240&#8243; title_size=&#8221;30&#8243; ib_title=&#8221;Mikrokosmos&#8221; ib_content=&#8221;Wir arbeiten als Team in integrativen Arbeitsumgebungen, [&hellip;]<\/p>\n","protected":false},"author":1,"featured_media":0,"parent":0,"menu_order":0,"comment_status":"closed","ping_status":"closed","template":"","meta":{"footnotes":""},"class_list":["post-3414","page","type-page","status-publish","hentry"],"aioseo_notices":[],"_links":{"self":[{"href":"https:\/\/procatint.com\/de\/index.php?rest_route=\/wp\/v2\/pages\/3414","targetHints":{"allow":["GET"]}}],"collection":[{"href":"https:\/\/procatint.com\/de\/index.php?rest_route=\/wp\/v2\/pages"}],"about":[{"href":"https:\/\/procatint.com\/de\/index.php?rest_route=\/wp\/v2\/types\/page"}],"author":[{"embeddable":true,"href":"https:\/\/procatint.com\/de\/index.php?rest_route=\/wp\/v2\/users\/1"}],"replies":[{"embeddable":true,"href":"https:\/\/procatint.com\/de\/index.php?rest_route=%2Fwp%2Fv2%2Fcomments&post=3414"}],"version-history":[{"count":7,"href":"https:\/\/procatint.com\/de\/index.php?rest_route=\/wp\/v2\/pages\/3414\/revisions"}],"predecessor-version":[{"id":3474,"href":"https:\/\/procatint.com\/de\/index.php?rest_route=\/wp\/v2\/pages\/3414\/revisions\/3474"}],"wp:attachment":[{"href":"https:\/\/procatint.com\/de\/index.php?rest_route=%2Fwp%2Fv2%2Fmedia&parent=3414"}],"curies":[{"name":"wp","href":"https:\/\/api.w.org\/{rel}","templated":true}]}}